{"id":3272,"date":"2017-04-23T10:53:44","date_gmt":"2017-04-23T09:53:44","guid":{"rendered":"http:\/\/www.teamvidia.com\/?page_id=3272"},"modified":"2017-04-23T10:59:37","modified_gmt":"2017-04-23T09:59:37","slug":"legacy","status":"publish","type":"page","link":"https:\/\/www.teamvidia.com\/?page_id=3272","title":{"rendered":"LEGACY"},"content":{"rendered":"<p><strong>MENTIONS L\u00c9GALES<\/strong><\/p>\n<p>AVERTISSEMENT L\u00c9GAL<\/p>\n<p>L\u2019\u00e9diteur attire l\u2019attention des visiteurs de son site sur les informations ci-apr\u00e8s valant conditions d\u2019utilisation ou \u00ab charte de l\u2019internaute \u00bb.<\/p>\n<p>EDITEUR DU SITE<br \/>\nTEAMVIDIA<br \/>\nDIRECTEUR DE LA PUBLICATION<br \/>\nChristophe Lambrechts, Associ\u00e9<\/p>\n<p>CONCEPTION ET R\u00c9ALISATION<\/p>\n<p>TEAMVIDIA<br \/>\nEspace Descartes - 16 Rue Albert Einstein<br \/>\n77420 Champs Sur Marne<br \/>\nTel: 09 53 29 74 54<\/p>\n<p>D\u00c9VELOPPEMENT<\/p>\n<p>TEAMVIDIA<br \/>\nEspace Descartes - 16 Rue Albert Einstein<br \/>\n77420 Champs Sur Marne<br \/>\nTel: 09 53 29 74 54<br \/>\nPHOTOGRAPHIES<\/p>\n<p>TEAMVIDIA<br \/>\nEspace Descartes - 16 Rue Albert Einstein<br \/>\n77420 Champs Sur Marne<br \/>\nTel: 09 53 29 74 54<br \/>\nACC\u00c8S<\/p>\n<p>Tout acc\u00e8s, utilisation, recherche ou t\u00e9l\u00e9chargement sur le pr\u00e9sent site www.teamvidia.com, par l\u2019utilisateur vaut acceptation des pr\u00e9sentes conditions d\u2019utilisation telles que d\u00e9finies ci-apr\u00e8s.<\/p>\n<p>DROIT DE PROPRI\u00c9T\u00c9 INTELLECTUELLE<\/p>\n<p>Le site www.teamvidia.com est prot\u00e9g\u00e9 par les droits de propri\u00e9t\u00e9 intellectuelle et est la propri\u00e9t\u00e9 exclusive de TEAMVIDIA. Ainsi, la structure g\u00e9n\u00e9rale, ainsi que son contenu comme les textes, photos, images et sons composant ce site sont la propri\u00e9t\u00e9 du TEAMVIDIA. Toute reproduction, totale ou partielle, et toute repr\u00e9sentation du contenu substantiel de ce site, d\u2019un ou de plusieurs de ses composants, par quelque proc\u00e9d\u00e9 que ce soit, sans autorisation expresse de TEAMVIDIA, est interdite, et constitue une contrefa\u00e7on sanctionn\u00e9e par les articles L.335-2 et suivants du Code de la propri\u00e9t\u00e9 intellectuelle.<\/p>\n<p>Les informations, pictogrammes, photographies, images, textes et autres documents pr\u00e9sents sur le site Internet sont prot\u00e9g\u00e9s par des droits de propri\u00e9t\u00e9 industrielle et\/ou intellectuelle, soit que TEAMVIDIA en soit le titulaire, soit qu\u2019elle soit autoris\u00e9e \u00e0 les reproduire et les repr\u00e9senter. A ce titre, toute reproduction, repr\u00e9sentation, adaptation, traduction et\/ou modification, partielle ou int\u00e9grale ou transfert sur un autre site sont interdits.<\/p>\n<p>La copie sur support papier \u00e0 usage priv\u00e9 de ces diff\u00e9rents objets de droits est autoris\u00e9e conform\u00e9ment \u00e0 l\u2019article L122-5 du Code de la Propri\u00e9t\u00e9 Intellectuelle. Toute autre utilisation est interdite. Leur reproduction partielle ou int\u00e9grale, sans l\u2019accord pr\u00e9alable et \u00e9crit de l\u2019auteur, est strictement interdite.<\/p>\n<p>BASES DE DONN\u00c9ES<\/p>\n<p>Les bases de donn\u00e9es sont prot\u00e9g\u00e9es par la loi du 1er juillet 1998 et le r\u00e9gime fran\u00e7ais et communautaire du droit d\u2019auteur. Les usagers s\u2019obligent \u00e0 s\u2019interdire, s\u2019agissant des informations auxquelles ils acc\u00e8dent, toute collecte, captation, modification ou utilisation. Toute extraction substantielle des bases de donn\u00e9es du pr\u00e9sent site est strictement interdite. Seule est autoris\u00e9e une copie priv\u00e9e du contenu de la base r\u00e9serv\u00e9e \u00e0 l\u2019usage exclusif du copiste et sur support papier.<\/p>\n<p>CONDITIONS D\u2019ACC\u00c8S ET D\u2019UTILISATION<\/p>\n<p>Le site www.teamvidia.com, de langue fran\u00e7aise, est un site d\u2019information et de services. Les services et les informations pr\u00e9sent\u00e9s sur le site www.teamvidia.com sont destin\u00e9s \u00e0 \u00eatre utilis\u00e9s par les internautes dans les conditions ci apr\u00e8s d\u00e9crites. Ce site est soumis \u00e0 la loi fran\u00e7aise et \u00e9dit\u00e9 en langue fran\u00e7aise L\u2019acc\u00e8s aux services est possible 24 heures sur 24, 7 jours sur 7, sauf cas de force majeure, fait(s) de tiers et\/ou travaux de maintenance et interventions n\u00e9cessaires au bon fonctionnement des services. L\u2019acc\u00e8s \u00e0 www.teamvidia.com est gratuit, hormis la fourniture d\u2019acc\u00e8s et les communications t\u00e9l\u00e9phoniques dont les co\u00fbts sont directement factur\u00e9s par les op\u00e9rateurs. Il est rappel\u00e9 que le secret des correspondances n\u2019est pas garanti sur le r\u00e9seau Internet et qu\u2019il appartient \u00e0 chaque utilisateur d\u2019Internet de prendre toutes les mesures appropri\u00e9es de fa\u00e7on \u00e0 prot\u00e9ger ses propres donn\u00e9es et\/ou logiciels de la contamination d\u2019\u00e9ventuels virus circulant sur internet.<\/p>\n<p>UTILISATION DES INFORMATIONS<\/p>\n<p>L\u2019\u00e9diteur ne peut garantir \u00e0 l\u2019internaute qu\u2019aucune omission ou erreur n\u2019a pu \u00eatre introduite dans l\u2019information. Il appartient \u00e0 l\u2019internaute, sous sa responsabilit\u00e9 exclusive, d\u2019utiliser les informations disponibles sur www.teamvidia.com avec discernement.<\/p>\n<p>TRAITEMENT DES DONN\u00c9ES PERSONNELLES \u2013 ENVOI DE COURRIEL<\/p>\n<p>Les donn\u00e9es personnelles recueillies sur le site r\u00e9sultent de la communication volontaire d\u2019une adresse de courrier \u00e9lectronique lors du d\u00e9p\u00f4t d\u2019un message \u00e9lectronique ou d\u2019un d\u00e9p\u00f4t de candidature spontan\u00e9e ou \u00e0 une offre publi\u00e9e.<br \/>\nLe TEAMVIDIA s\u2019engage \u00e0 prot\u00e9ger la vie priv\u00e9e des utilisateurs et la confidentialit\u00e9 des informations communiqu\u00e9es sur le Site.<br \/>\nToute information personnelle que l\u2019internaute serait amen\u00e9 \u00e0 transmettre \u00e0 TEAMVIDIA, notamment pour tout abonnement ou d\u00e9sabonnement, est soumise aux dispositions de la loi du 6 janvier 1978 relative \u00e0 l\u2019informatique, aux fichiers et aux libert\u00e9s.<br \/>\nToutes donn\u00e9es personnelles, notamment les adresses \u00e9lectroniques indiqu\u00e9es dans les courriels ne feront l\u2019objet d\u2019aucune cession de la part du TEAMVIDIA.<\/p>\n<p>GARANTIES ET RESPONSABILIT\u00c9S<\/p>\n<p>Bien que TEAMVIDIA s\u2019efforce de fournir un contenu fiable sur son site web, elle ne garantit pas que ce site web soit exempt d\u2019inexactitudes, d\u2019erreurs typographiques, d\u2019omissions et \/ou de virus. TEAMVIDIA se r\u00e9serve \u00e0 tout moment et sans pr\u00e9avis le droit d\u2019apporter des am\u00e9liorations et\/ou des modifications au contenu de son site web. TEAMVIDIA ne pourra pas \u00eatre tenu responsable des dommages indirects r\u00e9sultant de l\u2019usage du site web www.teamvidia.com ou d\u2019autres sites qui lui sont li\u00e9s, notamment et sans limitation, tout pr\u00e9judice financier ou commercial, perte de programme ou de donn\u00e9es du syst\u00e8me d\u2019information ou autre de l\u2019utilisateur.<\/p>\n<p>LIMITES D\u2019UTILISATION \u2013 DROITS D\u2019AUTEURS<\/p>\n<p>Les contenus<\/p>\n<p>Le site www.teamvidia.com doit \u00eatre consid\u00e9r\u00e9 comme un tout indissociable. L\u2019ensemble des donn\u00e9es (textes, sons ou images) figurant sur les pages du site www.teamvidia.com constitue la propri\u00e9t\u00e9 exclusive de TEAMVIDIA et de ses prestataires. Toute reproduction, repr\u00e9sentation ou diffusion du contenu du site www.teamvidia.com, \u00e0 des fins autres que personnelles, en tout ou partie, sur quelque support que ce soit ou par tout proc\u00e9d\u00e9, est interdite, sauf autorisation expresse de TEAMVIDIA, notamment pour ses partenaires institutionnels. Le non-respect de cette interdiction constitue une contrefa\u00e7on susceptible d\u2019engager la responsabilit\u00e9 civile et p\u00e9nale du contrefacteur.<\/p>\n<p>Nom et logo \u00a0TEAMVIDIA<\/p>\n<p>Le nom et logo TEAMVIDIA sont la propri\u00e9t\u00e9 de la soci\u00e9t\u00e9. Toute reproduction totale ou partielle de cette marque sans autorisation pr\u00e9alable et \u00e9crite est prohib\u00e9e. Toute modification des proportions, couleurs, \u00e9l\u00e9ments et constituants est strictement interdite.<\/p>\n<p>LIENS HYPERTEXTES<\/p>\n<p>Les liens hypertextes externes mis en place dans le cadre du pr\u00e9sent site et les contenus des sites de tiers vers lesquels ils pointent ne sauraient engager la responsabilit\u00e9 de TEAMVIDIA. Sur autorisation pr\u00e9alable et expresse, TEAMVIDIA permet l\u2019\u00e9tablissement de liens hypertextes vers son site uniquement pour ce qui concerne sa page d\u2019accueil. L\u2019\u00e9tablissement de liens profonds dans le site du TEAMVIDIA est strictement interdit. Dans cette hypoth\u00e8se, TEAMVIDIA se r\u00e9serve le droit d\u2019enjoindre le tiers de supprimer ce lien profond.<\/p>\n<p>FORMULAIRE DE COLLECTE D\u2019INFORMATIONS<\/p>\n<p>Les formulaires de collecte d\u2019information constituent des donn\u00e9es nominatives au sens de l\u2019article 4 de la loi n\u00b0 78-17 du 6 janvier 1978 relative \u00e0 l\u2019informatique, aux fichiers et aux libert\u00e9s d\u00e8s lors qu\u2019elles permettent l\u2019identification des personnes physiques auxquelles elles s\u2019appliquent (Cour de cassation, 14 mars 2006, pourvoi n\u00b0 05-83423). Dans sa d\u00e9lib\u00e9ration du 9 mai 2006, la CNIL a d\u00e9cid\u00e9 de dispenser de d\u00e9claration les traitements constitu\u00e9s \u00e0 des fins d\u2019information ou de communication externe comportant des donn\u00e9es sur des personnes physiques sous certaines conditions. Aussi, TEAMVIDIA veille notamment \u00e0 ce que les traitements aient pour seule finalit\u00e9 la constitution et l\u2019exploitation d\u2019un fichier d\u2019adresse \u00e0 des fins d\u2019information ou de communication externe se rapportant au but ou \u00e0 l\u2019activit\u00e9 poursuivie. Selon la d\u00e9lib\u00e9ration pr\u00e9cit\u00e9e de la CNIL, \u00ab les donn\u00e9es enregistr\u00e9es ne peuvent \u00eatre utilis\u00e9es \u00e0 des fins de d\u00e9marchage politique, \u00e9lectoral ou commercial \u00bb.<\/p>\n<p>En raison du caract\u00e8re nominatif d\u2019une adresse \u00e9lectronique, et du caract\u00e8re priv\u00e9 et confidentiel du courrier, les utilisateurs sont inform\u00e9s qu\u2019ils disposent d\u2019un droit d\u2019acc\u00e8s aux informations nominatives les concernant et d\u2019un droit de rectification en vertu des dispositions de la loi du 6 janvier 1978 pr\u00e9cit\u00e9e. Ces droits peuvent \u00eatre exerc\u00e9s sur simple demande \u00e9crite par courrier postal :<\/p>\n<p>TEAMVIDIA<br \/>\nEspace Descartes - <a dir=\"ltr\">16 Rue Albert Einstein<\/a><br \/>\n<a>77420\u00a0Champs Sur Marne<\/a><\/p>\n<p>&nbsp;<\/p>\n","protected":false},"excerpt":{"rendered":"<p>MENTIONS L\u00c9GALES AVERTISSEMENT L\u00c9GAL L\u2019\u00e9diteur attire l\u2019attention des visiteurs de son site sur les informations ci-apr\u00e8s valant conditions d\u2019utilisation ou \u00ab charte de l\u2019internaute \u00bb. EDITEUR DU SITE TEAMVIDIA DIRECTEUR DE LA PUBLICATION Christophe Lambrechts, Associ\u00e9 CONCEPTION ET R\u00c9ALISATION TEAMVIDIA Espace Descartes - 16 Rue Albert Einstein 77420 Champs Sur Marne Tel: 09 53 29 &hellip;<\/p>\n","protected":false},"author":1,"featured_media":0,"parent":0,"menu_order":0,"comment_status":"closed","ping_status":"closed","template":"","meta":{"footnotes":""},"class_list":["post-3272","page","type-page","status-publish","hentry","no-thumb"],"yoast_head":"<!-- This site is optimized with the Yoast SEO plugin v27.0 - https:\/\/yoast.com\/product\/yoast-seo-wordpress\/ -->\r\n<title>LEGACY - TEAMVIDIA<\/title>\r\n<meta name=\"robots\" content=\"index, follow, max-snippet:-1, max-image-preview:large, max-video-preview:-1\" \/>\r\n<link rel=\"canonical\" href=\"https:\/\/www.teamvidia.com\/?page_id=3272\" \/>\r\n<meta property=\"og:locale\" content=\"fr_FR\" \/>\r\n<meta property=\"og:type\" content=\"article\" \/>\r\n<meta property=\"og:title\" content=\"LEGACY - TEAMVIDIA\" \/>\r\n<meta property=\"og:description\" content=\"MENTIONS L\u00c9GALES AVERTISSEMENT L\u00c9GAL L\u2019\u00e9diteur attire l\u2019attention des visiteurs de son site sur les informations ci-apr\u00e8s valant conditions d\u2019utilisation ou \u00ab charte de l\u2019internaute \u00bb. EDITEUR DU SITE TEAMVIDIA DIRECTEUR DE LA PUBLICATION Christophe Lambrechts, Associ\u00e9 CONCEPTION ET R\u00c9ALISATION TEAMVIDIA Espace Descartes - 16 Rue Albert Einstein 77420 Champs Sur Marne Tel: 09 53 29 &hellip;\" \/>\r\n<meta property=\"og:url\" content=\"https:\/\/www.teamvidia.com\/?page_id=3272\" \/>\r\n<meta property=\"og:site_name\" content=\"TEAMVIDIA\" \/>\r\n<meta property=\"article:modified_time\" content=\"2017-04-23T09:59:37+00:00\" \/>\r\n<meta name=\"twitter:label1\" content=\"Dur\u00e9e de lecture estim\u00e9e\" \/>\n\t<meta name=\"twitter:data1\" content=\"7 minutes\" \/>\r\n<script type=\"application\/ld+json\" class=\"yoast-schema-graph\">{\"@context\":\"https:\/\/schema.org\",\"@graph\":[{\"@type\":\"WebPage\",\"@id\":\"https:\/\/www.teamvidia.com\/?page_id=3272\",\"url\":\"https:\/\/www.teamvidia.com\/?page_id=3272\",\"name\":\"LEGACY - TEAMVIDIA\",\"isPartOf\":{\"@id\":\"https:\/\/www.teamvidia.com\/#website\"},\"datePublished\":\"2017-04-23T09:53:44+00:00\",\"dateModified\":\"2017-04-23T09:59:37+00:00\",\"breadcrumb\":{\"@id\":\"https:\/\/www.teamvidia.com\/?page_id=3272#breadcrumb\"},\"inLanguage\":\"fr-FR\",\"potentialAction\":[{\"@type\":\"ReadAction\",\"target\":[\"https:\/\/www.teamvidia.com\/?page_id=3272\"]}]},{\"@type\":\"BreadcrumbList\",\"@id\":\"https:\/\/www.teamvidia.com\/?page_id=3272#breadcrumb\",\"itemListElement\":[{\"@type\":\"ListItem\",\"position\":1,\"name\":\"Accueil\",\"item\":\"https:\/\/www.teamvidia.com\/\"},{\"@type\":\"ListItem\",\"position\":2,\"name\":\"LEGACY\"}]},{\"@type\":\"WebSite\",\"@id\":\"https:\/\/www.teamvidia.com\/#website\",\"url\":\"https:\/\/www.teamvidia.com\/\",\"name\":\"TEAMVIDIA\",\"description\":\"Experts Base de Donn\u00e9es\",\"potentialAction\":[{\"@type\":\"SearchAction\",\"target\":{\"@type\":\"EntryPoint\",\"urlTemplate\":\"https:\/\/www.teamvidia.com\/?s={search_term_string}\"},\"query-input\":{\"@type\":\"PropertyValueSpecification\",\"valueRequired\":true,\"valueName\":\"search_term_string\"}}],\"inLanguage\":\"fr-FR\"}]}<\/script>\r\n<!-- \/ Yoast SEO plugin. -->","yoast_head_json":{"title":"LEGACY - TEAMVIDIA","robots":{"index":"index","follow":"follow","max-snippet":"max-snippet:-1","max-image-preview":"max-image-preview:large","max-video-preview":"max-video-preview:-1"},"canonical":"https:\/\/www.teamvidia.com\/?page_id=3272","og_locale":"fr_FR","og_type":"article","og_title":"LEGACY - TEAMVIDIA","og_description":"MENTIONS L\u00c9GALES AVERTISSEMENT L\u00c9GAL L\u2019\u00e9diteur attire l\u2019attention des visiteurs de son site sur les informations ci-apr\u00e8s valant conditions d\u2019utilisation ou \u00ab charte de l\u2019internaute \u00bb. EDITEUR DU SITE TEAMVIDIA DIRECTEUR DE LA PUBLICATION Christophe Lambrechts, Associ\u00e9 CONCEPTION ET R\u00c9ALISATION TEAMVIDIA Espace Descartes - 16 Rue Albert Einstein 77420 Champs Sur Marne Tel: 09 53 29 &hellip;","og_url":"https:\/\/www.teamvidia.com\/?page_id=3272","og_site_name":"TEAMVIDIA","article_modified_time":"2017-04-23T09:59:37+00:00","twitter_misc":{"Dur\u00e9e de lecture estim\u00e9e":"7 minutes"},"schema":{"@context":"https:\/\/schema.org","@graph":[{"@type":"WebPage","@id":"https:\/\/www.teamvidia.com\/?page_id=3272","url":"https:\/\/www.teamvidia.com\/?page_id=3272","name":"LEGACY - TEAMVIDIA","isPartOf":{"@id":"https:\/\/www.teamvidia.com\/#website"},"datePublished":"2017-04-23T09:53:44+00:00","dateModified":"2017-04-23T09:59:37+00:00","breadcrumb":{"@id":"https:\/\/www.teamvidia.com\/?page_id=3272#breadcrumb"},"inLanguage":"fr-FR","potentialAction":[{"@type":"ReadAction","target":["https:\/\/www.teamvidia.com\/?page_id=3272"]}]},{"@type":"BreadcrumbList","@id":"https:\/\/www.teamvidia.com\/?page_id=3272#breadcrumb","itemListElement":[{"@type":"ListItem","position":1,"name":"Accueil","item":"https:\/\/www.teamvidia.com\/"},{"@type":"ListItem","position":2,"name":"LEGACY"}]},{"@type":"WebSite","@id":"https:\/\/www.teamvidia.com\/#website","url":"https:\/\/www.teamvidia.com\/","name":"TEAMVIDIA","description":"Experts Base de Donn\u00e9es","potentialAction":[{"@type":"SearchAction","target":{"@type":"EntryPoint","urlTemplate":"https:\/\/www.teamvidia.com\/?s={search_term_string}"},"query-input":{"@type":"PropertyValueSpecification","valueRequired":true,"valueName":"search_term_string"}}],"inLanguage":"fr-FR"}]}},"_links":{"self":[{"href":"https:\/\/www.teamvidia.com\/index.php?rest_route=\/wp\/v2\/pages\/3272","targetHints":{"allow":["GET"]}}],"collection":[{"href":"https:\/\/www.teamvidia.com\/index.php?rest_route=\/wp\/v2\/pages"}],"about":[{"href":"https:\/\/www.teamvidia.com\/index.php?rest_route=\/wp\/v2\/types\/page"}],"author":[{"embeddable":true,"href":"https:\/\/www.teamvidia.com\/index.php?rest_route=\/wp\/v2\/users\/1"}],"replies":[{"embeddable":true,"href":"https:\/\/www.teamvidia.com\/index.php?rest_route=%2Fwp%2Fv2%2Fcomments&post=3272"}],"version-history":[{"count":2,"href":"https:\/\/www.teamvidia.com\/index.php?rest_route=\/wp\/v2\/pages\/3272\/revisions"}],"predecessor-version":[{"id":3275,"href":"https:\/\/www.teamvidia.com\/index.php?rest_route=\/wp\/v2\/pages\/3272\/revisions\/3275"}],"wp:attachment":[{"href":"https:\/\/www.teamvidia.com\/index.php?rest_route=%2Fwp%2Fv2%2Fmedia&parent=3272"}],"curies":[{"name":"wp","href":"https:\/\/api.w.org\/{rel}","templated":true}]}}