{"id":2368,"date":"2015-01-02T15:32:27","date_gmt":"2015-01-02T14:32:27","guid":{"rendered":"http:\/\/www.teamvidia.com\/?page_id=2368"},"modified":"2017-02-05T17:42:08","modified_gmt":"2017-02-05T16:42:08","slug":"associations","status":"publish","type":"page","link":"https:\/\/www.teamvidia.com\/?page_id=2368","title":{"rendered":"Associations"},"content":{"rendered":"<p>Teamvidia suit de pr\u00e8s les technologies Microsoft en mati\u00e8re de base de donn\u00e9es. Nous faisons des conf\u00e9rences et des Webcasts au GUSS.<\/p>\n<p>Plusieurs DBA SQL Server Teamvidia connaissent SQL Server depuis sa version 4.21 \u00e0 2014. Nous partageons dans la m\u00eame soci\u00e9t\u00e9 nos exp\u00e9riences, et \u00e9changeons avec des groupements comme le GUSS.<\/p>\n<p>Nous vous proposons quelques videos de ces Webcasts et conf\u00e9rences, sur SSMS, Resource Gouvernor, alwayson, et sur un sujet qui nous tient \u00e0 coeur, un module d\u00e9velopp\u00e9 en interne, qui comprend une part automatis\u00e9 d'audit SQL Server.<\/p>\n<div class=\"posts-list \"><div class=\"row-fluid list-item-0\"><article class=\"span12 post__holder\"><header class=\"post-header\"><h2 class=\"post-title\"><a href=\"https:\/\/www.teamvidia.com\/?p=2649\" title=\"Janvier 2015 &#8211; SQL Server In-Memory\">Janvier 2015 &#8211; SQL Server In-Memory<\/a><\/h2><div class=\"post_meta\"><span class=\"post_category\"><\/span><span class=\"post_date\"><time datetime=\"2015-03-22T17:10:39\">22 mars 2015<\/time><\/span><span class=\"post_author\">by  <a href=\"https:\/\/www.teamvidia.com\/?author=1\">teamvidia<\/a><\/span><span class=\"post_comment\"><a href=\"https:\/\/www.teamvidia.com\/?p=2649\" class=\"comments_link\">0 Comments<\/a><\/span><\/div><\/header><div class=\"post_content\"><div class=\"full-post-content\"><iframe loading=\"lazy\" src=\"\/\/www.youtube.com\/embed\/4xzHWHBnhaE\" width=\"500\" height=\"281\" frameborder=\"0\" allowfullscreen=\"allowfullscreen\"><\/iframe><\/div><\/div><\/article><\/div><!-- .row-fluid (end) --><div class=\"row-fluid list-item-1\"><article class=\"span12 post__holder\"><header class=\"post-header\"><h2 class=\"post-title\"><a href=\"https:\/\/www.teamvidia.com\/?p=2447\" title=\"SQL Managment Studio (ao\u00fbt 2014)\">SQL Managment Studio (ao\u00fbt 2014)<\/a><\/h2><div class=\"post_meta\"><span class=\"post_category\"><\/span><span class=\"post_date\"><time datetime=\"2015-01-08T23:14:46\">8 janvier 2015<\/time><\/span><span class=\"post_author\">by  <a href=\"https:\/\/www.teamvidia.com\/?author=1\">teamvidia<\/a><\/span><span class=\"post_comment\"><a href=\"https:\/\/www.teamvidia.com\/?p=2447\" class=\"comments_link\">0 Comments<\/a><\/span><\/div><\/header><div class=\"post_content\"><div class=\"full-post-content\"><iframe loading=\"lazy\" src=\"\/\/www.youtube.com\/embed\/B4b5tvc7O3A\" width=\"500\" height=\"281\" frameborder=\"0\" allowfullscreen=\"allowfullscreen\"><\/iframe>\r\n<\/div><\/div><\/article><\/div><!-- .row-fluid (end) --><div class=\"row-fluid list-item-2\"><article class=\"span12 post__holder\"><header class=\"post-header\"><h2 class=\"post-title\"><a href=\"https:\/\/www.teamvidia.com\/?p=2364\" title=\"Resource Governor (juin 2014)\">Resource Governor (juin 2014)<\/a><\/h2><div class=\"post_meta\"><span class=\"post_category\"><\/span><span class=\"post_date\"><time datetime=\"2015-01-02T15:26:38\">2 janvier 2015<\/time><\/span><span class=\"post_author\">by  <a href=\"https:\/\/www.teamvidia.com\/?author=1\">teamvidia<\/a><\/span><span class=\"post_comment\"><a href=\"https:\/\/www.teamvidia.com\/?p=2364\" class=\"comments_link\">0 Comments<\/a><\/span><\/div><\/header><div class=\"post_content\"><div class=\"full-post-content\"><iframe loading=\"lazy\" src=\"\/\/www.youtube.com\/embed\/A-npqafGXLs\" width=\"500\" height=\"281\" frameborder=\"0\" allowfullscreen=\"allowfullscreen\"><\/iframe><\/div><\/div><\/article><\/div><!-- .row-fluid (end) --><div class=\"row-fluid list-item-3\"><article class=\"span12 post__holder\"><header class=\"post-header\"><h2 class=\"post-title\"><a href=\"https:\/\/www.teamvidia.com\/?p=2363\" title=\"AlwaysOn (avril 2014)\">AlwaysOn (avril 2014)<\/a><\/h2><div class=\"post_meta\"><span class=\"post_category\"><\/span><span class=\"post_date\"><time datetime=\"2015-01-02T15:26:07\">2 janvier 2015<\/time><\/span><span class=\"post_author\">by  <a href=\"https:\/\/www.teamvidia.com\/?author=1\">teamvidia<\/a><\/span><span class=\"post_comment\"><a href=\"https:\/\/www.teamvidia.com\/?p=2363\" class=\"comments_link\">0 Comments<\/a><\/span><\/div><\/header><div class=\"post_content\"><div class=\"full-post-content\"><iframe loading=\"lazy\" src=\"\/\/www.youtube.com\/embed\/w78ZYIBbNh4\" width=\"500\" height=\"281\" frameborder=\"0\" allowfullscreen=\"allowfullscreen\"><\/iframe><\/div><\/div><\/article><\/div><!-- .row-fluid (end) --><div class=\"row-fluid list-item-4\"><article class=\"span12 post__holder\"><header class=\"post-header\"><h2 class=\"post-title\"><a href=\"https:\/\/www.teamvidia.com\/?p=2361\" title=\"Industrialisation de l\u2019audit par Sarah Bessard et David Barbarin\">Industrialisation de l\u2019audit par Sarah Bessard et David Barbarin<\/a><\/h2><div class=\"post_meta\"><span class=\"post_category\"><\/span><span class=\"post_date\"><time datetime=\"2015-01-02T15:22:21\">2 janvier 2015<\/time><\/span><span class=\"post_author\">by  <a href=\"https:\/\/www.teamvidia.com\/?author=1\">teamvidia<\/a><\/span><span class=\"post_comment\"><a href=\"https:\/\/www.teamvidia.com\/?p=2361\" class=\"comments_link\">0 Comments<\/a><\/span><\/div><\/header><div class=\"post_content\"><div class=\"full-post-content\"><iframe loading=\"lazy\" src=\"\/\/www.youtube.com\/embed\/rLvTnfJXTCo\" width=\"500\" height=\"281\" frameborder=\"0\" allowfullscreen=\"allowfullscreen\"><\/iframe><\/div><\/div><\/article><\/div><!-- .row-fluid (end) --><\/div><!-- .posts-list (end) -->\n","protected":false},"excerpt":{"rendered":"<p>Teamvidia suit de pr\u00e8s les technologies Microsoft en mati\u00e8re de base de donn\u00e9es. Nous faisons des conf\u00e9rences et des Webcasts au GUSS. Plusieurs DBA SQL Server Teamvidia connaissent SQL Server depuis sa version 4.21 \u00e0 2014. Nous partageons dans la m\u00eame soci\u00e9t\u00e9 nos exp\u00e9riences, et \u00e9changeons avec des groupements comme le GUSS. Nous vous proposons &hellip;<\/p>\n","protected":false},"author":1,"featured_media":0,"parent":0,"menu_order":0,"comment_status":"closed","ping_status":"closed","template":"","meta":{"footnotes":""},"class_list":["post-2368","page","type-page","status-publish","hentry","no-thumb"],"yoast_head":"<!-- This site is optimized with the Yoast SEO plugin v27.0 - https:\/\/yoast.com\/product\/yoast-seo-wordpress\/ -->\r\n<title>Teamvidia soutient le GUSS<\/title>\r\n<meta name=\"description\" content=\"Teamvidia soutient le GUSS par des pr\u00e9sentations et des webcasts. Plusieurs de nos DBA SQL Server ont un background qui va jusqu&#039;\u00e0 SQL Server 4.21.\" \/>\r\n<meta name=\"robots\" content=\"index, follow, max-snippet:-1, max-image-preview:large, max-video-preview:-1\" \/>\r\n<link rel=\"canonical\" href=\"https:\/\/www.teamvidia.com\/?page_id=2368\" \/>\r\n<meta property=\"og:locale\" content=\"fr_FR\" \/>\r\n<meta property=\"og:type\" content=\"article\" \/>\r\n<meta property=\"og:title\" content=\"Teamvidia soutient le GUSS\" \/>\r\n<meta property=\"og:description\" content=\"Teamvidia soutient le GUSS par des pr\u00e9sentations et des webcasts. Plusieurs de nos DBA SQL Server ont un background qui va jusqu&#039;\u00e0 SQL Server 4.21.\" \/>\r\n<meta property=\"og:url\" content=\"https:\/\/www.teamvidia.com\/?page_id=2368\" \/>\r\n<meta property=\"og:site_name\" content=\"TEAMVIDIA\" \/>\r\n<meta property=\"article:modified_time\" content=\"2017-02-05T16:42:08+00:00\" \/>\r\n<meta name=\"twitter:label1\" content=\"Dur\u00e9e de lecture estim\u00e9e\" \/>\n\t<meta name=\"twitter:data1\" content=\"1 minute\" \/>\r\n<script type=\"application\/ld+json\" class=\"yoast-schema-graph\">{\"@context\":\"https:\/\/schema.org\",\"@graph\":[{\"@type\":\"WebPage\",\"@id\":\"https:\/\/www.teamvidia.com\/?page_id=2368\",\"url\":\"https:\/\/www.teamvidia.com\/?page_id=2368\",\"name\":\"Teamvidia soutient le GUSS\",\"isPartOf\":{\"@id\":\"https:\/\/www.teamvidia.com\/#website\"},\"datePublished\":\"2015-01-02T14:32:27+00:00\",\"dateModified\":\"2017-02-05T16:42:08+00:00\",\"description\":\"Teamvidia soutient le GUSS par des pr\u00e9sentations et des webcasts. Plusieurs de nos DBA SQL Server ont un background qui va jusqu'\u00e0 SQL Server 4.21.\",\"breadcrumb\":{\"@id\":\"https:\/\/www.teamvidia.com\/?page_id=2368#breadcrumb\"},\"inLanguage\":\"fr-FR\",\"potentialAction\":[{\"@type\":\"ReadAction\",\"target\":[\"https:\/\/www.teamvidia.com\/?page_id=2368\"]}]},{\"@type\":\"BreadcrumbList\",\"@id\":\"https:\/\/www.teamvidia.com\/?page_id=2368#breadcrumb\",\"itemListElement\":[{\"@type\":\"ListItem\",\"position\":1,\"name\":\"Accueil\",\"item\":\"https:\/\/www.teamvidia.com\/\"},{\"@type\":\"ListItem\",\"position\":2,\"name\":\"Associations\"}]},{\"@type\":\"WebSite\",\"@id\":\"https:\/\/www.teamvidia.com\/#website\",\"url\":\"https:\/\/www.teamvidia.com\/\",\"name\":\"TEAMVIDIA\",\"description\":\"Experts Base de Donn\u00e9es\",\"potentialAction\":[{\"@type\":\"SearchAction\",\"target\":{\"@type\":\"EntryPoint\",\"urlTemplate\":\"https:\/\/www.teamvidia.com\/?s={search_term_string}\"},\"query-input\":{\"@type\":\"PropertyValueSpecification\",\"valueRequired\":true,\"valueName\":\"search_term_string\"}}],\"inLanguage\":\"fr-FR\"}]}<\/script>\r\n<!-- \/ Yoast SEO plugin. -->","yoast_head_json":{"title":"Teamvidia soutient le GUSS","description":"Teamvidia soutient le GUSS par des pr\u00e9sentations et des webcasts. Plusieurs de nos DBA SQL Server ont un background qui va jusqu'\u00e0 SQL Server 4.21.","robots":{"index":"index","follow":"follow","max-snippet":"max-snippet:-1","max-image-preview":"max-image-preview:large","max-video-preview":"max-video-preview:-1"},"canonical":"https:\/\/www.teamvidia.com\/?page_id=2368","og_locale":"fr_FR","og_type":"article","og_title":"Teamvidia soutient le GUSS","og_description":"Teamvidia soutient le GUSS par des pr\u00e9sentations et des webcasts. Plusieurs de nos DBA SQL Server ont un background qui va jusqu'\u00e0 SQL Server 4.21.","og_url":"https:\/\/www.teamvidia.com\/?page_id=2368","og_site_name":"TEAMVIDIA","article_modified_time":"2017-02-05T16:42:08+00:00","twitter_misc":{"Dur\u00e9e de lecture estim\u00e9e":"1 minute"},"schema":{"@context":"https:\/\/schema.org","@graph":[{"@type":"WebPage","@id":"https:\/\/www.teamvidia.com\/?page_id=2368","url":"https:\/\/www.teamvidia.com\/?page_id=2368","name":"Teamvidia soutient le GUSS","isPartOf":{"@id":"https:\/\/www.teamvidia.com\/#website"},"datePublished":"2015-01-02T14:32:27+00:00","dateModified":"2017-02-05T16:42:08+00:00","description":"Teamvidia soutient le GUSS par des pr\u00e9sentations et des webcasts. Plusieurs de nos DBA SQL Server ont un background qui va jusqu'\u00e0 SQL Server 4.21.","breadcrumb":{"@id":"https:\/\/www.teamvidia.com\/?page_id=2368#breadcrumb"},"inLanguage":"fr-FR","potentialAction":[{"@type":"ReadAction","target":["https:\/\/www.teamvidia.com\/?page_id=2368"]}]},{"@type":"BreadcrumbList","@id":"https:\/\/www.teamvidia.com\/?page_id=2368#breadcrumb","itemListElement":[{"@type":"ListItem","position":1,"name":"Accueil","item":"https:\/\/www.teamvidia.com\/"},{"@type":"ListItem","position":2,"name":"Associations"}]},{"@type":"WebSite","@id":"https:\/\/www.teamvidia.com\/#website","url":"https:\/\/www.teamvidia.com\/","name":"TEAMVIDIA","description":"Experts Base de Donn\u00e9es","potentialAction":[{"@type":"SearchAction","target":{"@type":"EntryPoint","urlTemplate":"https:\/\/www.teamvidia.com\/?s={search_term_string}"},"query-input":{"@type":"PropertyValueSpecification","valueRequired":true,"valueName":"search_term_string"}}],"inLanguage":"fr-FR"}]}},"_links":{"self":[{"href":"https:\/\/www.teamvidia.com\/index.php?rest_route=\/wp\/v2\/pages\/2368","targetHints":{"allow":["GET"]}}],"collection":[{"href":"https:\/\/www.teamvidia.com\/index.php?rest_route=\/wp\/v2\/pages"}],"about":[{"href":"https:\/\/www.teamvidia.com\/index.php?rest_route=\/wp\/v2\/types\/page"}],"author":[{"embeddable":true,"href":"https:\/\/www.teamvidia.com\/index.php?rest_route=\/wp\/v2\/users\/1"}],"replies":[{"embeddable":true,"href":"https:\/\/www.teamvidia.com\/index.php?rest_route=%2Fwp%2Fv2%2Fcomments&post=2368"}],"version-history":[{"count":22,"href":"https:\/\/www.teamvidia.com\/index.php?rest_route=\/wp\/v2\/pages\/2368\/revisions"}],"predecessor-version":[{"id":2952,"href":"https:\/\/www.teamvidia.com\/index.php?rest_route=\/wp\/v2\/pages\/2368\/revisions\/2952"}],"wp:attachment":[{"href":"https:\/\/www.teamvidia.com\/index.php?rest_route=%2Fwp%2Fv2%2Fmedia&parent=2368"}],"curies":[{"name":"wp","href":"https:\/\/api.w.org\/{rel}","templated":true}]}}