{"id":2272,"date":"2014-12-31T16:40:11","date_gmt":"2014-12-31T15:40:11","guid":{"rendered":"http:\/\/www.teamvidia.com\/?page_id=2272"},"modified":"2017-02-05T17:42:24","modified_gmt":"2017-02-05T16:42:24","slug":"partenaires","status":"publish","type":"page","link":"https:\/\/www.teamvidia.com\/?page_id=2272","title":{"rendered":"Partenaires"},"content":{"rendered":"<p><img loading=\"lazy\" decoding=\"async\" class=\"alignnone size-full wp-image-2059\" src=\"http:\/\/www.teamvidia.com\/wp-content\/uploads\/2014\/12\/14.jpg\" alt=\"14\" width=\"124\" height=\"99\" \/><\/p>\n<p>Nous sommes partenaire Microsoft depuis la cr\u00e9ation de Teamvidia en 2005. Nous nous sommes sp\u00e9cialis\u00e9 sur les technologies SQL Server, pour enfin devenir Silver Platform en juin 2015.<\/p>\n<p>Nous d\u00e9ployons et conseillons sur Windows et SQL Server sur des plateformes clientes \u00e0 la pointe de ces usages :<br \/>\n- Forte charge: Vente Priv\u00e9e (4000\u00a0connections vers 7h30 du matin), Betclic (plus de 10000 transactions\/s),<br \/>\n- Plan de Reprise: Vente Priv\u00e9e, Fnac.com, betlic, Soci\u00e9t\u00e9 G\u00e9n\u00e9rale<br \/>\n- R\u00e9duction des co\u00fbts de licenses<\/p>\n<p>Mais \u00e9galement DELL-SOFTWARE (ex-Quest)<\/p>\n<p><img loading=\"lazy\" decoding=\"async\" class=\"alignnone wp-image-3012\" src=\"http:\/\/www.teamvidia.com\/wp-content\/uploads\/2016\/06\/Dell_Software.jpg\" alt=\"Dell_Software\" width=\"147\" height=\"72\" srcset=\"https:\/\/www.teamvidia.com\/wp-content\/uploads\/2016\/06\/Dell_Software.jpg 1553w, https:\/\/www.teamvidia.com\/wp-content\/uploads\/2016\/06\/Dell_Software-300x147.jpg 300w, https:\/\/www.teamvidia.com\/wp-content\/uploads\/2016\/06\/Dell_Software-768x377.jpg 768w, https:\/\/www.teamvidia.com\/wp-content\/uploads\/2016\/06\/Dell_Software-1024x503.jpg 1024w, https:\/\/www.teamvidia.com\/wp-content\/uploads\/2016\/06\/Dell_Software-100x50.jpg 100w\" sizes=\"auto, (max-width: 147px) 100vw, 147px\" \/><br \/>\nQUEST SOFTWARE,\u00a0\u00a0fournit des solutions logicielles pour simplifier l'administration; optimiser les performances et assurer la disponibilit\u00e9 des applications et bases de donn\u00e9es strat\u00e9giques des entreprises - Microsoft Windows; Exchange et SQL Server; Oracle; DB2; Sybase; SAP; PeopleSoft; Siebel; Oracle e-Business Suite et Java - avec un retour sur investissement rapide et quantifiable<\/p>\n<p>Nous avons participer au d\u00e9ploiement de solution FogLight et Spotlight chez Vente Priv\u00e9e, FNAC.com.<\/p>\n<p>Nous avons, lors d'une mission d'architecture SQL Server, conseill\u00e9 FogLight; l'outils a \u00e9t\u00e9 amorti sur une semaine pour un usage de 3 ans. La correction du code emp\u00eachant les clients du sites de commander en p\u00e9riode de Noel.<\/p>\n<p>La Direction.<\/p>\n<p>&nbsp;<\/p>\n","protected":false},"excerpt":{"rendered":"<p>Nous sommes partenaire Microsoft depuis la cr\u00e9ation de Teamvidia en 2005. Nous nous sommes sp\u00e9cialis\u00e9 sur les technologies SQL Server, pour enfin devenir Silver Platform en juin 2015. Nous d\u00e9ployons et conseillons sur Windows et SQL Server sur des plateformes clientes \u00e0 la pointe de ces usages : - Forte charge: Vente Priv\u00e9e (4000\u00a0connections vers &hellip;<\/p>\n","protected":false},"author":1,"featured_media":0,"parent":0,"menu_order":0,"comment_status":"closed","ping_status":"closed","template":"","meta":{"footnotes":""},"class_list":["post-2272","page","type-page","status-publish","hentry","no-thumb"],"yoast_head":"<!-- This site is optimized with the Yoast SEO plugin v27.0 - https:\/\/yoast.com\/product\/yoast-seo-wordpress\/ -->\r\n<title>Partenaires - TEAMVIDIA<\/title>\r\n<meta name=\"robots\" content=\"index, follow, max-snippet:-1, max-image-preview:large, max-video-preview:-1\" \/>\r\n<link rel=\"canonical\" href=\"https:\/\/www.teamvidia.com\/?page_id=2272\" \/>\r\n<meta property=\"og:locale\" content=\"fr_FR\" \/>\r\n<meta property=\"og:type\" content=\"article\" \/>\r\n<meta property=\"og:title\" content=\"Partenaires - TEAMVIDIA\" \/>\r\n<meta property=\"og:description\" content=\"Nous sommes partenaire Microsoft depuis la cr\u00e9ation de Teamvidia en 2005. Nous nous sommes sp\u00e9cialis\u00e9 sur les technologies SQL Server, pour enfin devenir Silver Platform en juin 2015. Nous d\u00e9ployons et conseillons sur Windows et SQL Server sur des plateformes clientes \u00e0 la pointe de ces usages : - Forte charge: Vente Priv\u00e9e (4000\u00a0connections vers &hellip;\" \/>\r\n<meta property=\"og:url\" content=\"https:\/\/www.teamvidia.com\/?page_id=2272\" \/>\r\n<meta property=\"og:site_name\" content=\"TEAMVIDIA\" \/>\r\n<meta property=\"article:modified_time\" content=\"2017-02-05T16:42:24+00:00\" \/>\r\n<meta property=\"og:image\" content=\"http:\/\/www.teamvidia.com\/wp-content\/uploads\/2014\/12\/14.jpg\" \/>\r\n<meta name=\"twitter:label1\" content=\"Dur\u00e9e de lecture estim\u00e9e\" \/>\n\t<meta name=\"twitter:data1\" content=\"1 minute\" \/>\r\n<script type=\"application\/ld+json\" class=\"yoast-schema-graph\">{\"@context\":\"https:\/\/schema.org\",\"@graph\":[{\"@type\":\"WebPage\",\"@id\":\"https:\/\/www.teamvidia.com\/?page_id=2272\",\"url\":\"https:\/\/www.teamvidia.com\/?page_id=2272\",\"name\":\"Partenaires - TEAMVIDIA\",\"isPartOf\":{\"@id\":\"https:\/\/www.teamvidia.com\/#website\"},\"primaryImageOfPage\":{\"@id\":\"https:\/\/www.teamvidia.com\/?page_id=2272#primaryimage\"},\"image\":{\"@id\":\"https:\/\/www.teamvidia.com\/?page_id=2272#primaryimage\"},\"thumbnailUrl\":\"http:\/\/www.teamvidia.com\/wp-content\/uploads\/2014\/12\/14.jpg\",\"datePublished\":\"2014-12-31T15:40:11+00:00\",\"dateModified\":\"2017-02-05T16:42:24+00:00\",\"breadcrumb\":{\"@id\":\"https:\/\/www.teamvidia.com\/?page_id=2272#breadcrumb\"},\"inLanguage\":\"fr-FR\",\"potentialAction\":[{\"@type\":\"ReadAction\",\"target\":[\"https:\/\/www.teamvidia.com\/?page_id=2272\"]}]},{\"@type\":\"ImageObject\",\"inLanguage\":\"fr-FR\",\"@id\":\"https:\/\/www.teamvidia.com\/?page_id=2272#primaryimage\",\"url\":\"https:\/\/www.teamvidia.com\/wp-content\/uploads\/2014\/12\/14.jpg\",\"contentUrl\":\"https:\/\/www.teamvidia.com\/wp-content\/uploads\/2014\/12\/14.jpg\",\"width\":124,\"height\":99},{\"@type\":\"BreadcrumbList\",\"@id\":\"https:\/\/www.teamvidia.com\/?page_id=2272#breadcrumb\",\"itemListElement\":[{\"@type\":\"ListItem\",\"position\":1,\"name\":\"Accueil\",\"item\":\"https:\/\/www.teamvidia.com\/\"},{\"@type\":\"ListItem\",\"position\":2,\"name\":\"Partenaires\"}]},{\"@type\":\"WebSite\",\"@id\":\"https:\/\/www.teamvidia.com\/#website\",\"url\":\"https:\/\/www.teamvidia.com\/\",\"name\":\"TEAMVIDIA\",\"description\":\"Experts Base de Donn\u00e9es\",\"potentialAction\":[{\"@type\":\"SearchAction\",\"target\":{\"@type\":\"EntryPoint\",\"urlTemplate\":\"https:\/\/www.teamvidia.com\/?s={search_term_string}\"},\"query-input\":{\"@type\":\"PropertyValueSpecification\",\"valueRequired\":true,\"valueName\":\"search_term_string\"}}],\"inLanguage\":\"fr-FR\"}]}<\/script>\r\n<!-- \/ Yoast SEO plugin. -->","yoast_head_json":{"title":"Partenaires - TEAMVIDIA","robots":{"index":"index","follow":"follow","max-snippet":"max-snippet:-1","max-image-preview":"max-image-preview:large","max-video-preview":"max-video-preview:-1"},"canonical":"https:\/\/www.teamvidia.com\/?page_id=2272","og_locale":"fr_FR","og_type":"article","og_title":"Partenaires - TEAMVIDIA","og_description":"Nous sommes partenaire Microsoft depuis la cr\u00e9ation de Teamvidia en 2005. Nous nous sommes sp\u00e9cialis\u00e9 sur les technologies SQL Server, pour enfin devenir Silver Platform en juin 2015. Nous d\u00e9ployons et conseillons sur Windows et SQL Server sur des plateformes clientes \u00e0 la pointe de ces usages : - Forte charge: Vente Priv\u00e9e (4000\u00a0connections vers &hellip;","og_url":"https:\/\/www.teamvidia.com\/?page_id=2272","og_site_name":"TEAMVIDIA","article_modified_time":"2017-02-05T16:42:24+00:00","og_image":[{"url":"http:\/\/www.teamvidia.com\/wp-content\/uploads\/2014\/12\/14.jpg","type":"","width":"","height":""}],"twitter_misc":{"Dur\u00e9e de lecture estim\u00e9e":"1 minute"},"schema":{"@context":"https:\/\/schema.org","@graph":[{"@type":"WebPage","@id":"https:\/\/www.teamvidia.com\/?page_id=2272","url":"https:\/\/www.teamvidia.com\/?page_id=2272","name":"Partenaires - TEAMVIDIA","isPartOf":{"@id":"https:\/\/www.teamvidia.com\/#website"},"primaryImageOfPage":{"@id":"https:\/\/www.teamvidia.com\/?page_id=2272#primaryimage"},"image":{"@id":"https:\/\/www.teamvidia.com\/?page_id=2272#primaryimage"},"thumbnailUrl":"http:\/\/www.teamvidia.com\/wp-content\/uploads\/2014\/12\/14.jpg","datePublished":"2014-12-31T15:40:11+00:00","dateModified":"2017-02-05T16:42:24+00:00","breadcrumb":{"@id":"https:\/\/www.teamvidia.com\/?page_id=2272#breadcrumb"},"inLanguage":"fr-FR","potentialAction":[{"@type":"ReadAction","target":["https:\/\/www.teamvidia.com\/?page_id=2272"]}]},{"@type":"ImageObject","inLanguage":"fr-FR","@id":"https:\/\/www.teamvidia.com\/?page_id=2272#primaryimage","url":"https:\/\/www.teamvidia.com\/wp-content\/uploads\/2014\/12\/14.jpg","contentUrl":"https:\/\/www.teamvidia.com\/wp-content\/uploads\/2014\/12\/14.jpg","width":124,"height":99},{"@type":"BreadcrumbList","@id":"https:\/\/www.teamvidia.com\/?page_id=2272#breadcrumb","itemListElement":[{"@type":"ListItem","position":1,"name":"Accueil","item":"https:\/\/www.teamvidia.com\/"},{"@type":"ListItem","position":2,"name":"Partenaires"}]},{"@type":"WebSite","@id":"https:\/\/www.teamvidia.com\/#website","url":"https:\/\/www.teamvidia.com\/","name":"TEAMVIDIA","description":"Experts Base de Donn\u00e9es","potentialAction":[{"@type":"SearchAction","target":{"@type":"EntryPoint","urlTemplate":"https:\/\/www.teamvidia.com\/?s={search_term_string}"},"query-input":{"@type":"PropertyValueSpecification","valueRequired":true,"valueName":"search_term_string"}}],"inLanguage":"fr-FR"}]}},"_links":{"self":[{"href":"https:\/\/www.teamvidia.com\/index.php?rest_route=\/wp\/v2\/pages\/2272","targetHints":{"allow":["GET"]}}],"collection":[{"href":"https:\/\/www.teamvidia.com\/index.php?rest_route=\/wp\/v2\/pages"}],"about":[{"href":"https:\/\/www.teamvidia.com\/index.php?rest_route=\/wp\/v2\/types\/page"}],"author":[{"embeddable":true,"href":"https:\/\/www.teamvidia.com\/index.php?rest_route=\/wp\/v2\/users\/1"}],"replies":[{"embeddable":true,"href":"https:\/\/www.teamvidia.com\/index.php?rest_route=%2Fwp%2Fv2%2Fcomments&post=2272"}],"version-history":[{"count":16,"href":"https:\/\/www.teamvidia.com\/index.php?rest_route=\/wp\/v2\/pages\/2272\/revisions"}],"predecessor-version":[{"id":3014,"href":"https:\/\/www.teamvidia.com\/index.php?rest_route=\/wp\/v2\/pages\/2272\/revisions\/3014"}],"wp:attachment":[{"href":"https:\/\/www.teamvidia.com\/index.php?rest_route=%2Fwp%2Fv2%2Fmedia&parent=2272"}],"curies":[{"name":"wp","href":"https:\/\/api.w.org\/{rel}","templated":true}]}}