{"id":2122,"date":"2014-12-14T16:06:19","date_gmt":"2014-12-14T15:06:19","guid":{"rendered":"http:\/\/www.teamvidia.com\/?page_id=2122"},"modified":"2017-02-05T19:06:16","modified_gmt":"2017-02-05T18:06:16","slug":"clients","status":"publish","type":"page","link":"https:\/\/www.teamvidia.com\/?page_id=2122","title":{"rendered":"Clients"},"content":{"rendered":"<p>Vous aurez le d\u00e9tail des actions r\u00e9alis\u00e9es dans ces entreprises en cliquant sur leur nom.<\/p>\n<ul class=\"posts-grid row-fluid unstyled  ul-item-0\"><li class=\"span3 list-item-1\"><div class=\"clear\"><\/div><h5><a href=\"https:\/\/www.teamvidia.com\/?p=3239\" title=\"Air Liquide\">Air Liquide<\/a><\/h5><\/li><li class=\"span3 list-item-2\"><div class=\"clear\"><\/div><h5><a href=\"https:\/\/www.teamvidia.com\/?p=3236\" title=\"AXA Direct\">AXA Direct<\/a><\/h5><\/li><li class=\"span3 list-item-3\"><div class=\"clear\"><\/div><h5><a href=\"https:\/\/www.teamvidia.com\/?p=3204\" title=\"Banque de France\">Banque de France<\/a><\/h5><\/li><li class=\"span3 list-item-4\"><div class=\"clear\"><\/div><h5><a href=\"https:\/\/www.teamvidia.com\/?p=3246\" title=\"Betclic\">Betclic<\/a><\/h5><\/li><\/ul><!-- .posts-grid (end) --><ul class=\"posts-grid row-fluid unstyled  ul-item-1\"><li class=\"span3 list-item-1\"><div class=\"clear\"><\/div><h5><a href=\"https:\/\/www.teamvidia.com\/?p=3259\" title=\"CELLFISH MEDIA\">CELLFISH MEDIA<\/a><\/h5><\/li><li class=\"span3 list-item-2\"><div class=\"clear\"><\/div><h5><a href=\"https:\/\/www.teamvidia.com\/?p=3253\" title=\"Coface\">Coface<\/a><\/h5><\/li><li class=\"span3 list-item-3\"><div class=\"clear\"><\/div><h5><a href=\"https:\/\/www.teamvidia.com\/?p=3234\" title=\"Crit\u00e9o\">Crit\u00e9o<\/a><\/h5><\/li><li class=\"span3 list-item-4\"><div class=\"clear\"><\/div><h5><a href=\"https:\/\/www.teamvidia.com\/?p=3251\" title=\"FNAC.COM\">FNAC.COM<\/a><\/h5><\/li><\/ul><!-- .posts-grid (end) --><ul class=\"posts-grid row-fluid unstyled  ul-item-2\"><li class=\"span3 list-item-1\"><div class=\"clear\"><\/div><h5><a href=\"https:\/\/www.teamvidia.com\/?p=3263\" title=\"Ineo Cofely\">Ineo Cofely<\/a><\/h5><\/li><li class=\"span3 list-item-2\"><div class=\"clear\"><\/div><h5><a href=\"https:\/\/www.teamvidia.com\/?p=3230\" title=\"Natixis BFI\">Natixis BFI<\/a><\/h5><\/li><li class=\"span3 list-item-3\"><div class=\"clear\"><\/div><h5><a href=\"https:\/\/www.teamvidia.com\/?p=3244\" title=\"Radio France\">Radio France<\/a><\/h5><\/li><li class=\"span3 list-item-4\"><div class=\"clear\"><\/div><h5><a href=\"https:\/\/www.teamvidia.com\/?p=3261\" title=\"RATP\">RATP<\/a><\/h5><\/li><\/ul><!-- .posts-grid (end) --><ul class=\"posts-grid row-fluid unstyled  ul-item-3\"><li class=\"span3 list-item-1\"><div class=\"clear\"><\/div><h5><a href=\"https:\/\/www.teamvidia.com\/?p=3249\" title=\"Servier\">Servier<\/a><\/h5><\/li><li class=\"span3 list-item-2\"><div class=\"clear\"><\/div><h5><a href=\"https:\/\/www.teamvidia.com\/?p=3228\" title=\"Soci\u00e9t\u00e9 G\u00e9n\u00e9rale\">Soci\u00e9t\u00e9 G\u00e9n\u00e9rale<\/a><\/h5><\/li><li class=\"span3 list-item-3\"><div class=\"clear\"><\/div><h5><a href=\"https:\/\/www.teamvidia.com\/?p=3265\" title=\"Stokomani\">Stokomani<\/a><\/h5><\/li><li class=\"span3 list-item-4\"><div class=\"clear\"><\/div><h5><a href=\"https:\/\/www.teamvidia.com\/?p=3238\" title=\"Vente Priv\u00e9e\">Vente Priv\u00e9e<\/a><\/h5><\/li><\/ul><\/ul><!-- .posts-grid (end) -->\n","protected":false},"excerpt":{"rendered":"<p>Vous aurez le d\u00e9tail des actions r\u00e9alis\u00e9es dans ces entreprises en cliquant sur leur nom.<\/p>\n","protected":false},"author":1,"featured_media":0,"parent":0,"menu_order":2,"comment_status":"closed","ping_status":"closed","template":"","meta":{"footnotes":""},"class_list":["post-2122","page","type-page","status-publish","hentry","no-thumb"],"yoast_head":"<!-- This site is optimized with the Yoast SEO plugin v27.0 - https:\/\/yoast.com\/product\/yoast-seo-wordpress\/ -->\r\n<title>Nos clients<\/title>\r\n<meta name=\"description\" content=\"Les clients de Teamvidia\" \/>\r\n<meta name=\"robots\" content=\"index, follow, max-snippet:-1, max-image-preview:large, max-video-preview:-1\" \/>\r\n<link rel=\"canonical\" href=\"https:\/\/www.teamvidia.com\/?page_id=2122\" \/>\r\n<meta property=\"og:locale\" content=\"fr_FR\" \/>\r\n<meta property=\"og:type\" content=\"article\" \/>\r\n<meta property=\"og:title\" content=\"Nos clients\" \/>\r\n<meta property=\"og:description\" content=\"Les clients de Teamvidia\" \/>\r\n<meta property=\"og:url\" content=\"https:\/\/www.teamvidia.com\/?page_id=2122\" \/>\r\n<meta property=\"og:site_name\" content=\"TEAMVIDIA\" \/>\r\n<meta property=\"article:modified_time\" content=\"2017-02-05T18:06:16+00:00\" \/>\r\n<script type=\"application\/ld+json\" class=\"yoast-schema-graph\">{\"@context\":\"https:\/\/schema.org\",\"@graph\":[{\"@type\":\"WebPage\",\"@id\":\"https:\/\/www.teamvidia.com\/?page_id=2122\",\"url\":\"https:\/\/www.teamvidia.com\/?page_id=2122\",\"name\":\"Nos clients\",\"isPartOf\":{\"@id\":\"https:\/\/www.teamvidia.com\/#website\"},\"datePublished\":\"2014-12-14T15:06:19+00:00\",\"dateModified\":\"2017-02-05T18:06:16+00:00\",\"description\":\"Les clients de Teamvidia\",\"breadcrumb\":{\"@id\":\"https:\/\/www.teamvidia.com\/?page_id=2122#breadcrumb\"},\"inLanguage\":\"fr-FR\",\"potentialAction\":[{\"@type\":\"ReadAction\",\"target\":[\"https:\/\/www.teamvidia.com\/?page_id=2122\"]}]},{\"@type\":\"BreadcrumbList\",\"@id\":\"https:\/\/www.teamvidia.com\/?page_id=2122#breadcrumb\",\"itemListElement\":[{\"@type\":\"ListItem\",\"position\":1,\"name\":\"Accueil\",\"item\":\"https:\/\/www.teamvidia.com\/\"},{\"@type\":\"ListItem\",\"position\":2,\"name\":\"Clients\"}]},{\"@type\":\"WebSite\",\"@id\":\"https:\/\/www.teamvidia.com\/#website\",\"url\":\"https:\/\/www.teamvidia.com\/\",\"name\":\"TEAMVIDIA\",\"description\":\"Experts Base de Donn\u00e9es\",\"potentialAction\":[{\"@type\":\"SearchAction\",\"target\":{\"@type\":\"EntryPoint\",\"urlTemplate\":\"https:\/\/www.teamvidia.com\/?s={search_term_string}\"},\"query-input\":{\"@type\":\"PropertyValueSpecification\",\"valueRequired\":true,\"valueName\":\"search_term_string\"}}],\"inLanguage\":\"fr-FR\"}]}<\/script>\r\n<!-- \/ Yoast SEO plugin. -->","yoast_head_json":{"title":"Nos clients","description":"Les clients de Teamvidia","robots":{"index":"index","follow":"follow","max-snippet":"max-snippet:-1","max-image-preview":"max-image-preview:large","max-video-preview":"max-video-preview:-1"},"canonical":"https:\/\/www.teamvidia.com\/?page_id=2122","og_locale":"fr_FR","og_type":"article","og_title":"Nos clients","og_description":"Les clients de Teamvidia","og_url":"https:\/\/www.teamvidia.com\/?page_id=2122","og_site_name":"TEAMVIDIA","article_modified_time":"2017-02-05T18:06:16+00:00","schema":{"@context":"https:\/\/schema.org","@graph":[{"@type":"WebPage","@id":"https:\/\/www.teamvidia.com\/?page_id=2122","url":"https:\/\/www.teamvidia.com\/?page_id=2122","name":"Nos clients","isPartOf":{"@id":"https:\/\/www.teamvidia.com\/#website"},"datePublished":"2014-12-14T15:06:19+00:00","dateModified":"2017-02-05T18:06:16+00:00","description":"Les clients de Teamvidia","breadcrumb":{"@id":"https:\/\/www.teamvidia.com\/?page_id=2122#breadcrumb"},"inLanguage":"fr-FR","potentialAction":[{"@type":"ReadAction","target":["https:\/\/www.teamvidia.com\/?page_id=2122"]}]},{"@type":"BreadcrumbList","@id":"https:\/\/www.teamvidia.com\/?page_id=2122#breadcrumb","itemListElement":[{"@type":"ListItem","position":1,"name":"Accueil","item":"https:\/\/www.teamvidia.com\/"},{"@type":"ListItem","position":2,"name":"Clients"}]},{"@type":"WebSite","@id":"https:\/\/www.teamvidia.com\/#website","url":"https:\/\/www.teamvidia.com\/","name":"TEAMVIDIA","description":"Experts Base de Donn\u00e9es","potentialAction":[{"@type":"SearchAction","target":{"@type":"EntryPoint","urlTemplate":"https:\/\/www.teamvidia.com\/?s={search_term_string}"},"query-input":{"@type":"PropertyValueSpecification","valueRequired":true,"valueName":"search_term_string"}}],"inLanguage":"fr-FR"}]}},"_links":{"self":[{"href":"https:\/\/www.teamvidia.com\/index.php?rest_route=\/wp\/v2\/pages\/2122","targetHints":{"allow":["GET"]}}],"collection":[{"href":"https:\/\/www.teamvidia.com\/index.php?rest_route=\/wp\/v2\/pages"}],"about":[{"href":"https:\/\/www.teamvidia.com\/index.php?rest_route=\/wp\/v2\/types\/page"}],"author":[{"embeddable":true,"href":"https:\/\/www.teamvidia.com\/index.php?rest_route=\/wp\/v2\/users\/1"}],"replies":[{"embeddable":true,"href":"https:\/\/www.teamvidia.com\/index.php?rest_route=%2Fwp%2Fv2%2Fcomments&post=2122"}],"version-history":[{"count":44,"href":"https:\/\/www.teamvidia.com\/index.php?rest_route=\/wp\/v2\/pages\/2122\/revisions"}],"predecessor-version":[{"id":3270,"href":"https:\/\/www.teamvidia.com\/index.php?rest_route=\/wp\/v2\/pages\/2122\/revisions\/3270"}],"wp:attachment":[{"href":"https:\/\/www.teamvidia.com\/index.php?rest_route=%2Fwp%2Fv2%2Fmedia&parent=2122"}],"curies":[{"name":"wp","href":"https:\/\/api.w.org\/{rel}","templated":true}]}}