{"id":203,"date":"2011-09-14T10:45:02","date_gmt":"2011-09-14T09:45:02","guid":{"rendered":"http:\/\/192.168.9.29\/Development\/TB\/?page_id=203"},"modified":"2021-10-15T21:57:17","modified_gmt":"2021-10-15T20:57:17","slug":"home","status":"publish","type":"page","link":"https:\/\/www.teamvidia.com\/","title":{"rendered":"Accueil"},"content":{"rendered":"<p><span style=\"color: #ff6600;\"><br \/>\n<strong>Teamvidia a accompagn\u00e9 Fnac.com sur SQL Server pour tenir 100 000 transactions\/seconde pendant plus de 2h pendant le BlackFriday. <\/strong><\/span><span style=\"color: #ff6600;\"><strong>Fnac.com a fait ainsi un des plus gros chiffre de son histoire, l\u00e0 ou d'autres sites n'ont pas tenu.<br \/>\n<\/strong><\/span><span style=\"color: #ff6600;\"><strong>Teamvidia est intervenu chez un des plus gros voyagistes d'Europe pour r\u00e9duire ses co\u00fbts de licences de 250 \u00e0 120 paires de c\u0153urs.<\/strong><\/p>\n<p><\/span><\/p>\n<p><span style=\"font-size: xx-small; color: #3366ff;\">POSTES:<\/span><br \/>\n<span style=\"font-size: small;\"><ul class=\"posts-grid row-fluid unstyled  ul-item-0\"><li class=\"span3 list-item-1\"><div class=\"clear\"><\/div><h5><a href=\"https:\/\/www.teamvidia.com\/?p=3024\" title=\"MISSION\tDBA SQL SERVER ETUDE SENIOR\">MISSION\tDBA SQL SERVER ETUDE SENIOR<\/a><\/h5><\/li><li class=\"span3 list-item-2\"><div class=\"clear\"><\/div><h5><a href=\"https:\/\/www.teamvidia.com\/?p=3026\" title=\"DBA SQL SERVER\/ORACLE (78\/ANGLAIS)\">DBA SQL SERVER\/ORACLE (78\/ANGLAIS)<\/a><\/h5><\/li><li class=\"span3 list-item-3\"><div class=\"clear\"><\/div><h5><a href=\"https:\/\/www.teamvidia.com\/?p=3028\" title=\"D\u00c9VELOPPEUR HADOOP (ANGLAIS\/MISSION LONGUE\/PARIS)\">D\u00c9VELOPPEUR HADOOP (ANGLAIS\/MISSION LONGUE\/PARIS)<\/a><\/h5><\/li><li class=\"span3 list-item-4\"><div class=\"clear\"><\/div><h5><a href=\"https:\/\/www.teamvidia.com\/?p=3030\" title=\"EXPERT NOSQL (PARIS\/MISSION LONGUE\/ANGLAIS)\">EXPERT NOSQL (PARIS\/MISSION LONGUE\/ANGLAIS)<\/a><\/h5><\/li><\/ul><\/ul><!-- .posts-grid (end) --><\/span><\/p>\n<h2><strong>Votre partenaire sur SQL Server\/Oracle\/mySQL\/PostgreSQL\/DB2\/Sybase\/TeraData<\/strong><\/h2>\n\n<table id=\"tablepress-3\" class=\"tablepress tablepress-id-3\">\n<thead>\n<tr class=\"row-1\">\n\t<th class=\"column-1\">Notre objectif ?<\/th>\n<\/tr>\n<\/thead>\n<tbody class=\"row-striping row-hover\">\n<tr class=\"row-2\">\n\t<td class=\"column-1\">- Contribuer \u00e0 l'efficacit\u00e9 et la pertinence des projets de votre entreprise.<br \/>\n- R\u00e9duire vos co\u00fbts de licences<br \/>\n- R\u00e9duire l'impact \u00e9conomique de vos bases de donn\u00e9es dans les clouds (Azure, AWS EC2\/RDS, ...)<br \/>\n- Vous accompagner pour migrer (de version, dans un cloud, ...)<\/td>\n<\/tr>\n<\/tbody>\n<\/table>\n<!-- #tablepress-3 from cache -->\n\n<table id=\"tablepress-4\" class=\"tablepress tablepress-id-4\">\n<thead>\n<tr class=\"row-1\">\n\t<th class=\"column-1\">Des r\u00e9sultats : sur nos derni\u00e8res missions<\/th>\n<\/tr>\n<\/thead>\n<tbody class=\"row-striping row-hover\">\n<tr class=\"row-2\">\n\t<td class=\"column-1\">- Des soucis de performance sur un SQL Server virtualis\u00e9 ? R\u00e9sultat le CPU passe de 100% \u00e0 50%, et le serveur reste virtuel.<br \/>\n- De nombreuses exp\u00e9riences sur des solutions d'editeur (Sage, Neolane, Adobe-Campaign, ...) voit leur performance d\u00e9cupl\u00e9 suite \u00e0 nos audits.<br \/>\n- Un cloud Azure qui coute 50 000e\/mois ? Il passe \u00e0 un cout de 10 000e \/mois apr\u00e8s quelques mois.<br \/>\n- Des co\u00fbt allant jusqu'\u00e0 25 000e\/mois de SQL Server sur AWS SQL Server RDS ? On passe a 14 000e \/ mois apr\u00e8s diverses optimisations.<br \/>\n- Un parc de 250 paires de cores ? 120 paires de core, apr\u00e8s plusieurs mois de conseils.<br \/>\n- Des installations 100% automatis\u00e9es en powershell.<br \/>\n- Mise sous AlwaysOn automatis\u00e9e<br \/>\n- Migration en douceur de votre Datacenter vers une solution cloud avec un temps de coupure r\u00e9duit.<\/td>\n<\/tr>\n<\/tbody>\n<\/table>\n<!-- #tablepress-4 from cache -->\n\n<table id=\"tablepress-5\" class=\"tablepress tablepress-id-5\">\n<thead>\n<tr class=\"row-1\">\n\t<th class=\"column-1\">Notre r\u00e9compense :<\/th>\n<\/tr>\n<\/thead>\n<tbody class=\"row-striping row-hover\">\n<tr class=\"row-2\">\n\t<td class=\"column-1\">- De grands comptes de l'e-commerce aux architectures critiques nous font confiance<br \/>\n- De grands comptes nous font confiance pour notre vision d'entreprise, et notre force de proposition pour rationaliser les co\u00fbts (virtualisation, consolidation et mutualisation de serveur, \u00e9conomie de stockage, automatisation des d\u00e9ploiements de masses, r\u00e9duction de la bande passante,..), mais \u00e9galement pour augmenter la productivit\u00e9 (multiplication des environnements de d\u00e9veloppement, et recette avec rafra\u00eechissement des donn\u00e9es).<\/td>\n<\/tr>\n<\/tbody>\n<\/table>\n<!-- #tablepress-5 from cache -->\n<p>Vous pouvez nous suivre sur <a href=\"https:\/\/www.linkedin.com\/company\/teamvidia\/\" target=\"_blank\" rel=\"noopener noreferrer\">LinkedIn\u00a0<\/a>ou <a href=\"http:\/\/fr.viadeo.com\/fr\/company\/teamvidia#\" target=\"_blank\" rel=\"noopener noreferrer\">Viadeo<\/a>.<\/p>\n<ul class=\"posts-grid row-fluid unstyled  ul-item-0\"><li class=\"span4 list-item-1\"><figure class=\"featured-thumbnail thumbnail\"><a href=\"https:\/\/www.teamvidia.com\/wp-content\/uploads\/2013\/09\/img_15.jpg\" title=\"Support\/Ticket\" rel=\"prettyPhoto-1520903860[gallery0]\"><img decoding=\"async\"  src=\"https:\/\/www.teamvidia.com\/wp-content\/uploads\/2013\/09\/img_15-370x250.jpg\" alt=\"Support\/Ticket\" \/><span class=\"zoom-icon\"><\/span><\/a><\/figure><div class=\"clear\"><\/div><h5><a href=\"https:\/\/www.teamvidia.com\/?p=3113\" title=\"Support\/Ticket\">Support\/Ticket<\/a><\/h5><p class=\"excerpt\">B\u00e9n\u00e9\ufb01ciez d\u2019un support d\u2019experts SGBD, de conseils \u00e0 la demande\u2026et encore plus si vous le\u2026<\/p><\/li><li class=\"span4 list-item-2\"><figure class=\"featured-thumbnail thumbnail\"><a href=\"https:\/\/www.teamvidia.com\/wp-content\/uploads\/2013\/09\/img_18.jpg\" title=\"Audit\" rel=\"prettyPhoto-1520903860[gallery1]\"><img decoding=\"async\"  src=\"https:\/\/www.teamvidia.com\/wp-content\/uploads\/2013\/09\/img_18-370x250.jpg\" alt=\"Audit\" \/><span class=\"zoom-icon\"><\/span><\/a><\/figure><div class=\"clear\"><\/div><h5><a href=\"https:\/\/www.teamvidia.com\/?p=3109\" title=\"Audit\">Audit<\/a><\/h5><p class=\"excerpt\">Quelque chose ne fonctionne pas ? des lenteurs ? des bascules AlwaysOn (SQL Server) ?\u2026<\/p><\/li><li class=\"span4 list-item-3\"><figure class=\"featured-thumbnail thumbnail\"><a href=\"https:\/\/www.teamvidia.com\/wp-content\/uploads\/2013\/09\/img_20.jpg\" title=\"Domaines d\u2019intervention\" rel=\"prettyPhoto-1520903860[gallery2]\"><img decoding=\"async\"  src=\"https:\/\/www.teamvidia.com\/wp-content\/uploads\/2013\/09\/img_20-370x250.jpg\" alt=\"Domaines d\u2019intervention\" \/><span class=\"zoom-icon\"><\/span><\/a><\/figure><div class=\"clear\"><\/div><h5><a href=\"https:\/\/www.teamvidia.com\/?p=3107\" title=\"Domaines d\u2019intervention\">Domaines d\u2019intervention<\/a><\/h5><p class=\"excerpt\">Assistance en cas de crash Audit de performance et optimisation, Etude et assistance au choix\u2026<\/p><\/li><\/ul><!-- .posts-grid (end) --><ul class=\"posts-grid row-fluid unstyled  ul-item-1\"><li class=\"span4 list-item-1\"><figure class=\"featured-thumbnail thumbnail\"><a href=\"https:\/\/www.teamvidia.com\/wp-content\/uploads\/2013\/09\/img_17.jpg\" title=\"Conseil\" rel=\"prettyPhoto-1520903860[gallery3]\"><img decoding=\"async\"  src=\"https:\/\/www.teamvidia.com\/wp-content\/uploads\/2013\/09\/img_17-370x250.jpg\" alt=\"Conseil\" \/><span class=\"zoom-icon\"><\/span><\/a><\/figure><div class=\"clear\"><\/div><h5><a href=\"https:\/\/www.teamvidia.com\/?p=3105\" title=\"Conseil\">Conseil<\/a><\/h5><p class=\"excerpt\">La cellule conseil est compos\u00e9e de consultants s\u00e9niors, experts SGBD, issus pour la plupart des\u2026<\/p><\/li><li class=\"span4 list-item-2\"><figure class=\"featured-thumbnail thumbnail\"><a href=\"https:\/\/www.teamvidia.com\/wp-content\/uploads\/2013\/09\/img_16.jpg\" title=\"R\u00e9gie\" rel=\"prettyPhoto-1520903860[gallery4]\"><img decoding=\"async\"  src=\"https:\/\/www.teamvidia.com\/wp-content\/uploads\/2013\/09\/img_16-370x250.jpg\" alt=\"R\u00e9gie\" \/><span class=\"zoom-icon\"><\/span><\/a><\/figure><div class=\"clear\"><\/div><h5><a href=\"https:\/\/www.teamvidia.com\/?p=3103\" title=\"R\u00e9gie\">R\u00e9gie<\/a><\/h5><p class=\"excerpt\">TEAMVIDIA propose les services de DBA dans le cadre de missions en r\u00e9gie c\u00f4t\u00e9 \u00e9tude\u2026<\/p><\/li><li class=\"span4 list-item-3\"><figure class=\"featured-thumbnail thumbnail\"><a href=\"https:\/\/www.teamvidia.com\/wp-content\/uploads\/2013\/09\/img_19.jpg\" title=\"DBA-Partag\u00e9\" rel=\"prettyPhoto-1520903860[gallery5]\"><img decoding=\"async\"  src=\"https:\/\/www.teamvidia.com\/wp-content\/uploads\/2013\/09\/img_19-370x250.jpg\" alt=\"DBA-Partag\u00e9\" \/><span class=\"zoom-icon\"><\/span><\/a><\/figure><div class=\"clear\"><\/div><h5><a href=\"https:\/\/www.teamvidia.com\/?p=3090\" title=\"DBA-Partag\u00e9\">DBA-Partag\u00e9<\/a><\/h5><p class=\"excerpt\">B\u00e9n\u00e9\ufb01ciez d\u2019un support d\u2019experts SGBD, de conseils \u00e0 la demande\u2026et encore plus si vous le\u2026<\/p><\/li><\/ul><\/ul><!-- .posts-grid (end) -->\n\n<table id=\"tablepress-7\" class=\"tablepress tablepress-id-7\">\n<thead>\n<tr class=\"row-1\">\n\t<th class=\"column-1\">Les moyens:<\/th>\n<\/tr>\n<\/thead>\n<tbody class=\"row-striping row-hover\">\n<tr class=\"row-2\">\n\t<td class=\"column-1\">- Une couverture de plusieurs \u00e9diteurs : SQL Server, Oracle, MySQL, PostgresSQL, Sybase, DB2, TeraData<br \/>\n- 10 DBA SQL Server \/ 2 DBA Oracle+MySQL+PostgresSQL avec de nombreuses exp\u00e9riences en milieu bancaire, e-commerce, assurance, ...<br \/>\n- Nos recrutements sont effectu\u00e9s par des DBA et les missions qualifi\u00e9es \u00e9galement par des DBA<br \/>\n- Notre niveau d'expertise est \u00e9galement maintenu par l'exigence des certifications chez nos collaborateurs.<\/td>\n<\/tr>\n<\/tbody>\n<\/table>\n<!-- #tablepress-7 from cache -->\n<h2>Les bases de donn\u00e9es : une passion au service du client<\/h2>\n<p>Une diversit\u00e9 d'exp\u00e9riences qui nous permet de nous adapter \u00e0 de nombreux environnements et de rapidement monter en comp\u00e9tence vos infrastructures.<\/p>\n<p><strong><a href=\"http:\/\/www.teamvidia.com\/wp-content\/uploads\/2015\/06\/logomicrosoftdatasilver.jpg\"><img loading=\"lazy\" decoding=\"async\" class=\"alignnone wp-image-2819\" src=\"http:\/\/www.teamvidia.com\/wp-content\/uploads\/2015\/06\/logomicrosoftdatasilver.jpg\" alt=\"logomicrosoftdatasilver\" width=\"214\" height=\"89\" srcset=\"https:\/\/www.teamvidia.com\/wp-content\/uploads\/2015\/06\/logomicrosoftdatasilver.jpg 320w, https:\/\/www.teamvidia.com\/wp-content\/uploads\/2015\/06\/logomicrosoftdatasilver-300x125.jpg 300w\" sizes=\"auto, (max-width: 214px) 100vw, 214px\" \/><\/a><\/strong><\/p>\n<hr \/>\n<p>Notre plaquette de services :\u00a0<a href=\"http:\/\/www.teamvidia.com\/wp-content\/uploads\/2014\/12\/Plaquette_DBA_2014.pdf\" target=\"_blank\" rel=\"noopener noreferrer\">Plaquette_DBA_2014<\/a><\/p>\n<hr \/>\n<h2>Comment nous rejoindre\u00a0?<\/h2>\n<p>Par mail : <a href=\"mailto:contact@teamvidia.com\" rel=\"nofollow\">contact@teamvidia.com<\/a>, en nous transmettant vos disponibilit\u00e9s pour \u00eatre rappel\u00e9.<\/p>\n","protected":false},"excerpt":{"rendered":"<p>Teamvidia a accompagn\u00e9 Fnac.com sur SQL Server pour tenir 100 000 transactions\/seconde pendant plus de 2h pendant le BlackFriday. Fnac.com a fait ainsi un des plus gros chiffre de son histoire, l\u00e0 ou d'autres sites n'ont pas tenu. Teamvidia est intervenu chez un des plus gros voyagistes d'Europe pour r\u00e9duire ses co\u00fbts de licences de &hellip;<\/p>\n","protected":false},"author":2,"featured_media":0,"parent":0,"menu_order":0,"comment_status":"closed","ping_status":"closed","template":"","meta":{"footnotes":""},"class_list":["post-203","page","type-page","status-publish","hentry","no-thumb"],"yoast_head":"<!-- This site is optimized with the Yoast SEO plugin v27.0 - https:\/\/yoast.com\/product\/yoast-seo-wordpress\/ -->\r\n<title>SSII experte sur SQL Server,Oracle,MySQL,PostgreSQL, BigData, NoSQL<\/title>\r\n<meta name=\"description\" content=\"TeamVidia vous accompagne sur vos Base de Donn\u00e9es (SQL Server,Oracle,MySQL,PostgreSQL, BigData, NoSQL) : Audit, Optimisation, Plan de reprise, Performance, Virtualisation\" \/>\r\n<meta name=\"robots\" content=\"index, follow, max-snippet:-1, max-image-preview:large, max-video-preview:-1\" \/>\r\n<link rel=\"canonical\" href=\"https:\/\/www.teamvidia.com\/\" \/>\r\n<meta property=\"og:locale\" content=\"fr_FR\" \/>\r\n<meta property=\"og:type\" content=\"article\" \/>\r\n<meta property=\"og:title\" content=\"SSII experte sur SQL Server,Oracle,MySQL,PostgreSQL, BigData, NoSQL\" \/>\r\n<meta property=\"og:description\" content=\"TeamVidia vous accompagne sur vos Base de Donn\u00e9es (SQL Server,Oracle,MySQL,PostgreSQL, BigData, NoSQL) : Audit, Optimisation, Plan de reprise, Performance, Virtualisation\" \/>\r\n<meta property=\"og:url\" content=\"https:\/\/www.teamvidia.com\/\" \/>\r\n<meta property=\"og:site_name\" content=\"TEAMVIDIA\" \/>\r\n<meta property=\"article:modified_time\" content=\"2021-10-15T20:57:17+00:00\" \/>\r\n<meta property=\"og:image\" content=\"http:\/\/www.teamvidia.com\/wp-content\/uploads\/2015\/06\/logomicrosoftdatasilver.jpg\" \/>\r\n<meta name=\"twitter:label1\" content=\"Dur\u00e9e de lecture estim\u00e9e\" \/>\n\t<meta name=\"twitter:data1\" content=\"1 minute\" \/>\r\n<script type=\"application\/ld+json\" class=\"yoast-schema-graph\">{\"@context\":\"https:\/\/schema.org\",\"@graph\":[{\"@type\":\"WebPage\",\"@id\":\"https:\/\/www.teamvidia.com\/\",\"url\":\"https:\/\/www.teamvidia.com\/\",\"name\":\"SSII experte sur SQL Server,Oracle,MySQL,PostgreSQL, BigData, NoSQL\",\"isPartOf\":{\"@id\":\"https:\/\/www.teamvidia.com\/#website\"},\"primaryImageOfPage\":{\"@id\":\"https:\/\/www.teamvidia.com\/#primaryimage\"},\"image\":{\"@id\":\"https:\/\/www.teamvidia.com\/#primaryimage\"},\"thumbnailUrl\":\"http:\/\/www.teamvidia.com\/wp-content\/uploads\/2015\/06\/logomicrosoftdatasilver.jpg\",\"datePublished\":\"2011-09-14T09:45:02+00:00\",\"dateModified\":\"2021-10-15T20:57:17+00:00\",\"description\":\"TeamVidia vous accompagne sur vos Base de Donn\u00e9es (SQL Server,Oracle,MySQL,PostgreSQL, BigData, NoSQL) : Audit, Optimisation, Plan de reprise, Performance, Virtualisation\",\"breadcrumb\":{\"@id\":\"https:\/\/www.teamvidia.com\/#breadcrumb\"},\"inLanguage\":\"fr-FR\",\"potentialAction\":[{\"@type\":\"ReadAction\",\"target\":[\"https:\/\/www.teamvidia.com\/\"]}]},{\"@type\":\"ImageObject\",\"inLanguage\":\"fr-FR\",\"@id\":\"https:\/\/www.teamvidia.com\/#primaryimage\",\"url\":\"https:\/\/www.teamvidia.com\/wp-content\/uploads\/2015\/06\/logomicrosoftdatasilver.jpg\",\"contentUrl\":\"https:\/\/www.teamvidia.com\/wp-content\/uploads\/2015\/06\/logomicrosoftdatasilver.jpg\",\"width\":320,\"height\":133},{\"@type\":\"BreadcrumbList\",\"@id\":\"https:\/\/www.teamvidia.com\/#breadcrumb\",\"itemListElement\":[{\"@type\":\"ListItem\",\"position\":1,\"name\":\"Accueil\",\"item\":\"https:\/\/www.teamvidia.com\/\"},{\"@type\":\"ListItem\",\"position\":2,\"name\":\"Accueil\"}]},{\"@type\":\"WebSite\",\"@id\":\"https:\/\/www.teamvidia.com\/#website\",\"url\":\"https:\/\/www.teamvidia.com\/\",\"name\":\"TEAMVIDIA\",\"description\":\"Experts Base de Donn\u00e9es\",\"potentialAction\":[{\"@type\":\"SearchAction\",\"target\":{\"@type\":\"EntryPoint\",\"urlTemplate\":\"https:\/\/www.teamvidia.com\/?s={search_term_string}\"},\"query-input\":{\"@type\":\"PropertyValueSpecification\",\"valueRequired\":true,\"valueName\":\"search_term_string\"}}],\"inLanguage\":\"fr-FR\"}]}<\/script>\r\n<!-- \/ Yoast SEO plugin. -->","yoast_head_json":{"title":"SSII experte sur SQL Server,Oracle,MySQL,PostgreSQL, BigData, NoSQL","description":"TeamVidia vous accompagne sur vos Base de Donn\u00e9es (SQL Server,Oracle,MySQL,PostgreSQL, BigData, NoSQL) : Audit, Optimisation, Plan de reprise, Performance, Virtualisation","robots":{"index":"index","follow":"follow","max-snippet":"max-snippet:-1","max-image-preview":"max-image-preview:large","max-video-preview":"max-video-preview:-1"},"canonical":"https:\/\/www.teamvidia.com\/","og_locale":"fr_FR","og_type":"article","og_title":"SSII experte sur SQL Server,Oracle,MySQL,PostgreSQL, BigData, NoSQL","og_description":"TeamVidia vous accompagne sur vos Base de Donn\u00e9es (SQL Server,Oracle,MySQL,PostgreSQL, BigData, NoSQL) : Audit, Optimisation, Plan de reprise, Performance, Virtualisation","og_url":"https:\/\/www.teamvidia.com\/","og_site_name":"TEAMVIDIA","article_modified_time":"2021-10-15T20:57:17+00:00","og_image":[{"url":"http:\/\/www.teamvidia.com\/wp-content\/uploads\/2015\/06\/logomicrosoftdatasilver.jpg","type":"","width":"","height":""}],"twitter_misc":{"Dur\u00e9e de lecture estim\u00e9e":"1 minute"},"schema":{"@context":"https:\/\/schema.org","@graph":[{"@type":"WebPage","@id":"https:\/\/www.teamvidia.com\/","url":"https:\/\/www.teamvidia.com\/","name":"SSII experte sur SQL Server,Oracle,MySQL,PostgreSQL, BigData, NoSQL","isPartOf":{"@id":"https:\/\/www.teamvidia.com\/#website"},"primaryImageOfPage":{"@id":"https:\/\/www.teamvidia.com\/#primaryimage"},"image":{"@id":"https:\/\/www.teamvidia.com\/#primaryimage"},"thumbnailUrl":"http:\/\/www.teamvidia.com\/wp-content\/uploads\/2015\/06\/logomicrosoftdatasilver.jpg","datePublished":"2011-09-14T09:45:02+00:00","dateModified":"2021-10-15T20:57:17+00:00","description":"TeamVidia vous accompagne sur vos Base de Donn\u00e9es (SQL Server,Oracle,MySQL,PostgreSQL, BigData, NoSQL) : Audit, Optimisation, Plan de reprise, Performance, Virtualisation","breadcrumb":{"@id":"https:\/\/www.teamvidia.com\/#breadcrumb"},"inLanguage":"fr-FR","potentialAction":[{"@type":"ReadAction","target":["https:\/\/www.teamvidia.com\/"]}]},{"@type":"ImageObject","inLanguage":"fr-FR","@id":"https:\/\/www.teamvidia.com\/#primaryimage","url":"https:\/\/www.teamvidia.com\/wp-content\/uploads\/2015\/06\/logomicrosoftdatasilver.jpg","contentUrl":"https:\/\/www.teamvidia.com\/wp-content\/uploads\/2015\/06\/logomicrosoftdatasilver.jpg","width":320,"height":133},{"@type":"BreadcrumbList","@id":"https:\/\/www.teamvidia.com\/#breadcrumb","itemListElement":[{"@type":"ListItem","position":1,"name":"Accueil","item":"https:\/\/www.teamvidia.com\/"},{"@type":"ListItem","position":2,"name":"Accueil"}]},{"@type":"WebSite","@id":"https:\/\/www.teamvidia.com\/#website","url":"https:\/\/www.teamvidia.com\/","name":"TEAMVIDIA","description":"Experts Base de Donn\u00e9es","potentialAction":[{"@type":"SearchAction","target":{"@type":"EntryPoint","urlTemplate":"https:\/\/www.teamvidia.com\/?s={search_term_string}"},"query-input":{"@type":"PropertyValueSpecification","valueRequired":true,"valueName":"search_term_string"}}],"inLanguage":"fr-FR"}]}},"_links":{"self":[{"href":"https:\/\/www.teamvidia.com\/index.php?rest_route=\/wp\/v2\/pages\/203","targetHints":{"allow":["GET"]}}],"collection":[{"href":"https:\/\/www.teamvidia.com\/index.php?rest_route=\/wp\/v2\/pages"}],"about":[{"href":"https:\/\/www.teamvidia.com\/index.php?rest_route=\/wp\/v2\/types\/page"}],"author":[{"embeddable":true,"href":"https:\/\/www.teamvidia.com\/index.php?rest_route=\/wp\/v2\/users\/2"}],"replies":[{"embeddable":true,"href":"https:\/\/www.teamvidia.com\/index.php?rest_route=%2Fwp%2Fv2%2Fcomments&post=203"}],"version-history":[{"count":201,"href":"https:\/\/www.teamvidia.com\/index.php?rest_route=\/wp\/v2\/pages\/203\/revisions"}],"predecessor-version":[{"id":3296,"href":"https:\/\/www.teamvidia.com\/index.php?rest_route=\/wp\/v2\/pages\/203\/revisions\/3296"}],"wp:attachment":[{"href":"https:\/\/www.teamvidia.com\/index.php?rest_route=%2Fwp%2Fv2%2Fmedia&parent=203"}],"curies":[{"name":"wp","href":"https:\/\/api.w.org\/{rel}","templated":true}]}}