{"id":2007,"date":"2011-07-14T19:46:13","date_gmt":"2011-07-14T18:46:13","guid":{"rendered":"http:\/\/192.168.9.29\/Development\/TB\/?page_id=9"},"modified":"2017-02-05T17:43:27","modified_gmt":"2017-02-05T16:43:27","slug":"portfolio","status":"publish","type":"page","link":"https:\/\/www.teamvidia.com\/?page_id=2007","title":{"rendered":"Services"},"content":{"rendered":"<ul class=\"posts-grid row-fluid unstyled  ul-item-0\"><li class=\"span4 list-item-1\"><figure class=\"featured-thumbnail thumbnail\"><a href=\"https:\/\/www.teamvidia.com\/wp-content\/uploads\/2013\/09\/img_15.jpg\" title=\"Support\/Ticket\" rel=\"prettyPhoto-248519727[gallery0]\"><img decoding=\"async\"  src=\"https:\/\/www.teamvidia.com\/wp-content\/uploads\/2013\/09\/img_15-370x250.jpg\" alt=\"Support\/Ticket\" \/><span class=\"zoom-icon\"><\/span><\/a><\/figure><div class=\"clear\"><\/div><h5><a href=\"https:\/\/www.teamvidia.com\/?p=3113\" title=\"Support\/Ticket\">Support\/Ticket<\/a><\/h5><p class=\"excerpt\">B\u00e9n\u00e9\ufb01ciez d\u2019un support d\u2019experts SGBD, de conseils \u00e0 la demande\u2026et encore plus si vous le\u2026<\/p><\/li><li class=\"span4 list-item-2\"><figure class=\"featured-thumbnail thumbnail\"><a href=\"https:\/\/www.teamvidia.com\/wp-content\/uploads\/2013\/09\/img_18.jpg\" title=\"Audit\" rel=\"prettyPhoto-248519727[gallery1]\"><img decoding=\"async\"  src=\"https:\/\/www.teamvidia.com\/wp-content\/uploads\/2013\/09\/img_18-370x250.jpg\" alt=\"Audit\" \/><span class=\"zoom-icon\"><\/span><\/a><\/figure><div class=\"clear\"><\/div><h5><a href=\"https:\/\/www.teamvidia.com\/?p=3109\" title=\"Audit\">Audit<\/a><\/h5><p class=\"excerpt\">Quelque chose ne fonctionne pas ? des lenteurs ? des bascules AlwaysOn (SQL Server) ?\u2026<\/p><\/li><li class=\"span4 list-item-3\"><figure class=\"featured-thumbnail thumbnail\"><a href=\"https:\/\/www.teamvidia.com\/wp-content\/uploads\/2013\/09\/img_20.jpg\" title=\"Domaines d\u2019intervention\" rel=\"prettyPhoto-248519727[gallery2]\"><img decoding=\"async\"  src=\"https:\/\/www.teamvidia.com\/wp-content\/uploads\/2013\/09\/img_20-370x250.jpg\" alt=\"Domaines d\u2019intervention\" \/><span class=\"zoom-icon\"><\/span><\/a><\/figure><div class=\"clear\"><\/div><h5><a href=\"https:\/\/www.teamvidia.com\/?p=3107\" title=\"Domaines d\u2019intervention\">Domaines d\u2019intervention<\/a><\/h5><p class=\"excerpt\">Assistance en cas de crash Audit de performance et optimisation, Etude et assistance au choix\u2026<\/p><\/li><\/ul><!-- .posts-grid (end) --><ul class=\"posts-grid row-fluid unstyled  ul-item-1\"><li class=\"span4 list-item-1\"><figure class=\"featured-thumbnail thumbnail\"><a href=\"https:\/\/www.teamvidia.com\/wp-content\/uploads\/2013\/09\/img_17.jpg\" title=\"Conseil\" rel=\"prettyPhoto-248519727[gallery3]\"><img decoding=\"async\"  src=\"https:\/\/www.teamvidia.com\/wp-content\/uploads\/2013\/09\/img_17-370x250.jpg\" alt=\"Conseil\" \/><span class=\"zoom-icon\"><\/span><\/a><\/figure><div class=\"clear\"><\/div><h5><a href=\"https:\/\/www.teamvidia.com\/?p=3105\" title=\"Conseil\">Conseil<\/a><\/h5><p class=\"excerpt\">La cellule conseil est compos\u00e9e de consultants s\u00e9niors, experts SGBD, issus pour la plupart des\u2026<\/p><\/li><li class=\"span4 list-item-2\"><figure class=\"featured-thumbnail thumbnail\"><a href=\"https:\/\/www.teamvidia.com\/wp-content\/uploads\/2013\/09\/img_16.jpg\" title=\"R\u00e9gie\" rel=\"prettyPhoto-248519727[gallery4]\"><img decoding=\"async\"  src=\"https:\/\/www.teamvidia.com\/wp-content\/uploads\/2013\/09\/img_16-370x250.jpg\" alt=\"R\u00e9gie\" \/><span class=\"zoom-icon\"><\/span><\/a><\/figure><div class=\"clear\"><\/div><h5><a href=\"https:\/\/www.teamvidia.com\/?p=3103\" title=\"R\u00e9gie\">R\u00e9gie<\/a><\/h5><p class=\"excerpt\">TEAMVIDIA propose les services de DBA dans le cadre de missions en r\u00e9gie c\u00f4t\u00e9 \u00e9tude\u2026<\/p><\/li><li class=\"span4 list-item-3\"><figure class=\"featured-thumbnail thumbnail\"><a href=\"https:\/\/www.teamvidia.com\/wp-content\/uploads\/2013\/09\/img_19.jpg\" title=\"DBA-Partag\u00e9\" rel=\"prettyPhoto-248519727[gallery5]\"><img decoding=\"async\"  src=\"https:\/\/www.teamvidia.com\/wp-content\/uploads\/2013\/09\/img_19-370x250.jpg\" alt=\"DBA-Partag\u00e9\" \/><span class=\"zoom-icon\"><\/span><\/a><\/figure><div class=\"clear\"><\/div><h5><a href=\"https:\/\/www.teamvidia.com\/?p=3090\" title=\"DBA-Partag\u00e9\">DBA-Partag\u00e9<\/a><\/h5><p class=\"excerpt\">B\u00e9n\u00e9\ufb01ciez d\u2019un support d\u2019experts SGBD, de conseils \u00e0 la demande\u2026et encore plus si vous le\u2026<\/p><\/li><\/ul><\/ul><!-- .posts-grid (end) -->\n<p>&nbsp;<\/p>\n","protected":false},"excerpt":{"rendered":"<p>&nbsp;<\/p>\n","protected":false},"author":2,"featured_media":0,"parent":0,"menu_order":2,"comment_status":"closed","ping_status":"closed","template":"","meta":{"footnotes":""},"class_list":["post-2007","page","type-page","status-publish","hentry","no-thumb"],"yoast_head":"<!-- This site is optimized with the Yoast SEO plugin v27.0 - https:\/\/yoast.com\/product\/yoast-seo-wordpress\/ -->\r\n<title>Services - TEAMVIDIA<\/title>\r\n<meta name=\"robots\" content=\"index, follow, max-snippet:-1, max-image-preview:large, max-video-preview:-1\" \/>\r\n<link rel=\"canonical\" href=\"https:\/\/www.teamvidia.com\/?page_id=2007\" \/>\r\n<meta property=\"og:locale\" content=\"fr_FR\" \/>\r\n<meta property=\"og:type\" content=\"article\" \/>\r\n<meta property=\"og:title\" content=\"Services - TEAMVIDIA\" \/>\r\n<meta property=\"og:description\" content=\"&nbsp;\" \/>\r\n<meta property=\"og:url\" content=\"https:\/\/www.teamvidia.com\/?page_id=2007\" \/>\r\n<meta property=\"og:site_name\" content=\"TEAMVIDIA\" \/>\r\n<meta property=\"article:modified_time\" content=\"2017-02-05T16:43:27+00:00\" \/>\r\n<script type=\"application\/ld+json\" class=\"yoast-schema-graph\">{\"@context\":\"https:\/\/schema.org\",\"@graph\":[{\"@type\":\"WebPage\",\"@id\":\"https:\/\/www.teamvidia.com\/?page_id=2007\",\"url\":\"https:\/\/www.teamvidia.com\/?page_id=2007\",\"name\":\"Services - TEAMVIDIA\",\"isPartOf\":{\"@id\":\"https:\/\/www.teamvidia.com\/#website\"},\"datePublished\":\"2011-07-14T18:46:13+00:00\",\"dateModified\":\"2017-02-05T16:43:27+00:00\",\"breadcrumb\":{\"@id\":\"https:\/\/www.teamvidia.com\/?page_id=2007#breadcrumb\"},\"inLanguage\":\"fr-FR\",\"potentialAction\":[{\"@type\":\"ReadAction\",\"target\":[\"https:\/\/www.teamvidia.com\/?page_id=2007\"]}]},{\"@type\":\"BreadcrumbList\",\"@id\":\"https:\/\/www.teamvidia.com\/?page_id=2007#breadcrumb\",\"itemListElement\":[{\"@type\":\"ListItem\",\"position\":1,\"name\":\"Accueil\",\"item\":\"https:\/\/www.teamvidia.com\/\"},{\"@type\":\"ListItem\",\"position\":2,\"name\":\"Services\"}]},{\"@type\":\"WebSite\",\"@id\":\"https:\/\/www.teamvidia.com\/#website\",\"url\":\"https:\/\/www.teamvidia.com\/\",\"name\":\"TEAMVIDIA\",\"description\":\"Experts Base de Donn\u00e9es\",\"potentialAction\":[{\"@type\":\"SearchAction\",\"target\":{\"@type\":\"EntryPoint\",\"urlTemplate\":\"https:\/\/www.teamvidia.com\/?s={search_term_string}\"},\"query-input\":{\"@type\":\"PropertyValueSpecification\",\"valueRequired\":true,\"valueName\":\"search_term_string\"}}],\"inLanguage\":\"fr-FR\"}]}<\/script>\r\n<!-- \/ Yoast SEO plugin. -->","yoast_head_json":{"title":"Services - TEAMVIDIA","robots":{"index":"index","follow":"follow","max-snippet":"max-snippet:-1","max-image-preview":"max-image-preview:large","max-video-preview":"max-video-preview:-1"},"canonical":"https:\/\/www.teamvidia.com\/?page_id=2007","og_locale":"fr_FR","og_type":"article","og_title":"Services - TEAMVIDIA","og_description":"&nbsp;","og_url":"https:\/\/www.teamvidia.com\/?page_id=2007","og_site_name":"TEAMVIDIA","article_modified_time":"2017-02-05T16:43:27+00:00","schema":{"@context":"https:\/\/schema.org","@graph":[{"@type":"WebPage","@id":"https:\/\/www.teamvidia.com\/?page_id=2007","url":"https:\/\/www.teamvidia.com\/?page_id=2007","name":"Services - TEAMVIDIA","isPartOf":{"@id":"https:\/\/www.teamvidia.com\/#website"},"datePublished":"2011-07-14T18:46:13+00:00","dateModified":"2017-02-05T16:43:27+00:00","breadcrumb":{"@id":"https:\/\/www.teamvidia.com\/?page_id=2007#breadcrumb"},"inLanguage":"fr-FR","potentialAction":[{"@type":"ReadAction","target":["https:\/\/www.teamvidia.com\/?page_id=2007"]}]},{"@type":"BreadcrumbList","@id":"https:\/\/www.teamvidia.com\/?page_id=2007#breadcrumb","itemListElement":[{"@type":"ListItem","position":1,"name":"Accueil","item":"https:\/\/www.teamvidia.com\/"},{"@type":"ListItem","position":2,"name":"Services"}]},{"@type":"WebSite","@id":"https:\/\/www.teamvidia.com\/#website","url":"https:\/\/www.teamvidia.com\/","name":"TEAMVIDIA","description":"Experts Base de Donn\u00e9es","potentialAction":[{"@type":"SearchAction","target":{"@type":"EntryPoint","urlTemplate":"https:\/\/www.teamvidia.com\/?s={search_term_string}"},"query-input":{"@type":"PropertyValueSpecification","valueRequired":true,"valueName":"search_term_string"}}],"inLanguage":"fr-FR"}]}},"_links":{"self":[{"href":"https:\/\/www.teamvidia.com\/index.php?rest_route=\/wp\/v2\/pages\/2007","targetHints":{"allow":["GET"]}}],"collection":[{"href":"https:\/\/www.teamvidia.com\/index.php?rest_route=\/wp\/v2\/pages"}],"about":[{"href":"https:\/\/www.teamvidia.com\/index.php?rest_route=\/wp\/v2\/types\/page"}],"author":[{"embeddable":true,"href":"https:\/\/www.teamvidia.com\/index.php?rest_route=\/wp\/v2\/users\/2"}],"replies":[{"embeddable":true,"href":"https:\/\/www.teamvidia.com\/index.php?rest_route=%2Fwp%2Fv2%2Fcomments&post=2007"}],"version-history":[{"count":37,"href":"https:\/\/www.teamvidia.com\/index.php?rest_route=\/wp\/v2\/pages\/2007\/revisions"}],"predecessor-version":[{"id":3216,"href":"https:\/\/www.teamvidia.com\/index.php?rest_route=\/wp\/v2\/pages\/2007\/revisions\/3216"}],"wp:attachment":[{"href":"https:\/\/www.teamvidia.com\/index.php?rest_route=%2Fwp%2Fv2%2Fmedia&parent=2007"}],"curies":[{"name":"wp","href":"https:\/\/api.w.org\/{rel}","templated":true}]}}