{"id":1797,"date":"2011-07-14T19:45:29","date_gmt":"2011-07-14T18:45:29","guid":{"rendered":"http:\/\/192.168.9.29\/Development\/TB\/?page_id=5"},"modified":"2024-03-22T13:35:43","modified_gmt":"2024-03-22T12:35:43","slug":"about","status":"publish","type":"page","link":"https:\/\/www.teamvidia.com\/?page_id=1797","title":{"rendered":"La soci\u00e9t\u00e9"},"content":{"rendered":"<h2>Notre Histoire<\/h2>\n<p>La soci\u00e9t\u00e9 Teamvidia a \u00e9t\u00e9 cr\u00e9\u00e9e en 2005 par deux ind\u00e9pendants. L\u2019un DBA SQL Server senior, l\u2019autre chef de projet production. Le r\u00e9seau commercial de Teamvidia a commenc\u00e9 sur un r\u00e9seau de connaissances qui connaissaient le travail des deux associ\u00e9s (Saint Gobain et RadioFrance).<\/p>\n<div class=\"row \"><div class=\"span4 \"><h2>Notre offre<\/h2>\n<span class=\"dropcap\">1.<\/span><!-- .dropcap (end) -->\n<h6>Nos r\u00e9alisations<\/h6>\n<p>Nos r\u00e9alisations en client\u00e8le sont le gage de notre professionnalisme, et de notre niveau de comp\u00e9tences.<\/p>\n<div class=\"clear\"><\/div><!-- .clear (end) --><span class=\"dropcap\">2.<\/span><!-- .dropcap (end) -->\n<h6>Nos services<\/h6>\n<p>Audit, DBA Partag\u00e9, R\u00e9gie, Maintenance \u00e0 distance, Plan de Reprise, Plan de Continuit\u00e9, D\u00e9m\u00e9nagement de Datacenter SQL? performance, Cluster, ...<\/p>\n<div class=\"clear\"><\/div><!-- .clear (end) --><span class=\"dropcap\">3.<\/span><!-- .dropcap (end) -->\n<h6>Les Technologies<\/h6>\n<p>SQL Server 6.5-2014, Windows Nt4-2012R2, Cluster, SSAS, SSIS, Big Data, Performance (SAN, R\u00e9seau, ...).<\/p>\n<div class=\"clear\"><\/div><!-- .clear (end) --><div class=\"spacer\"><\/div><!-- .spacer (end) -->\n<!--\n\n\n<h2>Testimonials<\/h2>\n\n\n&#091;recenttesti num=\"2\" thumb=\"false\" excerpt_count=\"28\"&#093;--><\/div><div class=\"span8 \"><h2>Quelques mots \u00e0 notre sujet<\/h2>\n<h6><img loading=\"lazy\" decoding=\"async\" class=\"alignleft size-full wp-image-1994\" src=\"http:\/\/www.teamvidia.com\/wp-content\/uploads\/2011\/07\/image_1.jpg\" alt=\"image_1\" width=\"258\" height=\"203\" \/>Notre m\u00e9tier ?.<\/h6>\n<p>Contribuer \u00e0 l'efficacit\u00e9 et la pertinence des projets de votre entreprise.<\/p>\n<p>Pour cela, TeamVidia propose un service d'experts en Base de Donn\u00e9es (SQL Server, Oracle, Postgres) et R\u00e9seaux, dont les m\u00e9thodes de travail et le savoir-faire assurent l'efficacit\u00e9 des syst\u00e8mes d'information, de la conception \u00e0 la r\u00e9alisation.<\/p>\n<p>Nos r\u00e9alisations sont reconnues par nos partenaires : Microsoft, Cisco, et Quest<\/p>\n<p>Nos interventions garantissent, par l'exp\u00e9rience de nos collaborateurs (plus de 5 ans d'exp\u00e9rience), \u00e0 nos clients souplesse, flexibilit\u00e9, s\u00e9curit\u00e9 et ma\u00eetrise technologique.<\/p>\n<div class=\"clear\"><\/div><!-- .clear (end) --><div class=\"spacer\"><\/div><!-- .spacer (end) -->\n<\/div><\/div><!-- .row (end) -->\n<div class=\"row \"><\/div><!-- .row (end) --><div class=\"span4 \"><\/div>\n<h2>Partenaires<\/h2>\n<p><img loading=\"lazy\" decoding=\"async\" class=\"alignnone size-full wp-image-2059\" src=\"http:\/\/www.teamvidia.com\/wp-content\/uploads\/2014\/12\/14.jpg\" alt=\"14\" width=\"124\" height=\"99\" \/><\/p>\n<p>Nous sommes partenaire Microsoft depuis la cr\u00e9ation de Teamvidia en 2005. Nous nous sommes sp\u00e9cialis\u00e9 sur les technologies SQL Server, pour enfin devenir Silver Platform en juin 2015.<\/p>\n<p>Nous d\u00e9ployons et conseillons sur Windows et SQL Server sur des plateformes clientes \u00e0 la pointe de ces usages :<br \/>\n- Forte charge: Vente Priv\u00e9e (4000\u00a0connections vers 7h30 du matin), Betclic (plus de 10000 transactions\/s),<br \/>\n- Plan de Reprise: Vente Priv\u00e9e, Fnac.com, betlic, Soci\u00e9t\u00e9 G\u00e9n\u00e9rale<br \/>\n- R\u00e9duction des co\u00fbts de licenses<\/p>\n<p>Mais \u00e9galement DELL-SOFTWARE (ex-Quest)<\/p>\n<p><img loading=\"lazy\" decoding=\"async\" class=\"alignnone wp-image-3012\" src=\"http:\/\/www.teamvidia.com\/wp-content\/uploads\/2016\/06\/Dell_Software.jpg\" alt=\"Dell_Software\" width=\"147\" height=\"72\" srcset=\"https:\/\/www.teamvidia.com\/wp-content\/uploads\/2016\/06\/Dell_Software.jpg 1553w, https:\/\/www.teamvidia.com\/wp-content\/uploads\/2016\/06\/Dell_Software-300x147.jpg 300w, https:\/\/www.teamvidia.com\/wp-content\/uploads\/2016\/06\/Dell_Software-768x377.jpg 768w, https:\/\/www.teamvidia.com\/wp-content\/uploads\/2016\/06\/Dell_Software-1024x503.jpg 1024w, https:\/\/www.teamvidia.com\/wp-content\/uploads\/2016\/06\/Dell_Software-100x50.jpg 100w\" sizes=\"auto, (max-width: 147px) 100vw, 147px\" \/><br \/>\nQUEST SOFTWARE,\u00a0\u00a0fournit des solutions logicielles pour simplifier l'administration; optimiser les performances et assurer la disponibilit\u00e9 des applications et bases de donn\u00e9es strat\u00e9giques des entreprises - Microsoft Windows; Exchange et SQL Server; Oracle; DB2; Sybase; SAP; PeopleSoft; Siebel; Oracle e-Business Suite et Java - avec un retour sur investissement rapide et quantifiable<\/p>\n<p>Nous avons participer au d\u00e9ploiement de solution FogLight et Spotlight chez Vente Priv\u00e9e, FNAC.com.<\/p>\n<p>Nous avons, lors d'une mission d'architecture SQL Server, conseill\u00e9 FogLight; l'outils a \u00e9t\u00e9 amorti sur une semaine pour un usage de 3 ans. La correction du code emp\u00eachant les clients du sites de commander en p\u00e9riode de Noel.<\/p>\n<p>La Direction.<\/p>\n","protected":false},"excerpt":{"rendered":"<p>Notre Histoire La soci\u00e9t\u00e9 Teamvidia a \u00e9t\u00e9 cr\u00e9\u00e9e en 2005 par deux ind\u00e9pendants. L\u2019un DBA SQL Server senior, l\u2019autre chef de projet production. Le r\u00e9seau commercial de Teamvidia a commenc\u00e9 sur un r\u00e9seau de connaissances qui connaissaient le travail des deux associ\u00e9s (Saint Gobain et RadioFrance). Partenaires Nous sommes partenaire Microsoft depuis la cr\u00e9ation de &hellip;<\/p>\n","protected":false},"author":2,"featured_media":0,"parent":0,"menu_order":1,"comment_status":"closed","ping_status":"closed","template":"","meta":{"footnotes":""},"class_list":["post-1797","page","type-page","status-publish","hentry","no-thumb"],"yoast_head":"<!-- This site is optimized with the Yoast SEO plugin v27.0 - https:\/\/yoast.com\/product\/yoast-seo-wordpress\/ -->\r\n<title>La soci\u00e9t\u00e9 - TEAMVIDIA<\/title>\r\n<meta name=\"robots\" content=\"index, follow, max-snippet:-1, max-image-preview:large, max-video-preview:-1\" \/>\r\n<link rel=\"canonical\" href=\"https:\/\/www.teamvidia.com\/?page_id=1797\" \/>\r\n<meta property=\"og:locale\" content=\"fr_FR\" \/>\r\n<meta property=\"og:type\" content=\"article\" \/>\r\n<meta property=\"og:title\" content=\"La soci\u00e9t\u00e9 - TEAMVIDIA\" \/>\r\n<meta property=\"og:description\" content=\"Notre Histoire La soci\u00e9t\u00e9 Teamvidia a \u00e9t\u00e9 cr\u00e9\u00e9e en 2005 par deux ind\u00e9pendants. L\u2019un DBA SQL Server senior, l\u2019autre chef de projet production. Le r\u00e9seau commercial de Teamvidia a commenc\u00e9 sur un r\u00e9seau de connaissances qui connaissaient le travail des deux associ\u00e9s (Saint Gobain et RadioFrance). Partenaires Nous sommes partenaire Microsoft depuis la cr\u00e9ation de &hellip;\" \/>\r\n<meta property=\"og:url\" content=\"https:\/\/www.teamvidia.com\/?page_id=1797\" \/>\r\n<meta property=\"og:site_name\" content=\"TEAMVIDIA\" \/>\r\n<meta property=\"article:modified_time\" content=\"2024-03-22T12:35:43+00:00\" \/>\r\n<meta property=\"og:image\" content=\"http:\/\/www.teamvidia.com\/wp-content\/uploads\/2011\/07\/image_1.jpg\" \/>\r\n<meta name=\"twitter:label1\" content=\"Dur\u00e9e de lecture estim\u00e9e\" \/>\n\t<meta name=\"twitter:data1\" content=\"2 minutes\" \/>\r\n<script type=\"application\/ld+json\" class=\"yoast-schema-graph\">{\"@context\":\"https:\/\/schema.org\",\"@graph\":[{\"@type\":\"WebPage\",\"@id\":\"https:\/\/www.teamvidia.com\/?page_id=1797\",\"url\":\"https:\/\/www.teamvidia.com\/?page_id=1797\",\"name\":\"La soci\u00e9t\u00e9 - TEAMVIDIA\",\"isPartOf\":{\"@id\":\"https:\/\/www.teamvidia.com\/#website\"},\"primaryImageOfPage\":{\"@id\":\"https:\/\/www.teamvidia.com\/?page_id=1797#primaryimage\"},\"image\":{\"@id\":\"https:\/\/www.teamvidia.com\/?page_id=1797#primaryimage\"},\"thumbnailUrl\":\"http:\/\/www.teamvidia.com\/wp-content\/uploads\/2011\/07\/image_1.jpg\",\"datePublished\":\"2011-07-14T18:45:29+00:00\",\"dateModified\":\"2024-03-22T12:35:43+00:00\",\"breadcrumb\":{\"@id\":\"https:\/\/www.teamvidia.com\/?page_id=1797#breadcrumb\"},\"inLanguage\":\"fr-FR\",\"potentialAction\":[{\"@type\":\"ReadAction\",\"target\":[\"https:\/\/www.teamvidia.com\/?page_id=1797\"]}]},{\"@type\":\"ImageObject\",\"inLanguage\":\"fr-FR\",\"@id\":\"https:\/\/www.teamvidia.com\/?page_id=1797#primaryimage\",\"url\":\"https:\/\/www.teamvidia.com\/wp-content\/uploads\/2011\/07\/image_1.jpg\",\"contentUrl\":\"https:\/\/www.teamvidia.com\/wp-content\/uploads\/2011\/07\/image_1.jpg\",\"width\":258,\"height\":203},{\"@type\":\"BreadcrumbList\",\"@id\":\"https:\/\/www.teamvidia.com\/?page_id=1797#breadcrumb\",\"itemListElement\":[{\"@type\":\"ListItem\",\"position\":1,\"name\":\"Accueil\",\"item\":\"https:\/\/www.teamvidia.com\/\"},{\"@type\":\"ListItem\",\"position\":2,\"name\":\"La soci\u00e9t\u00e9\"}]},{\"@type\":\"WebSite\",\"@id\":\"https:\/\/www.teamvidia.com\/#website\",\"url\":\"https:\/\/www.teamvidia.com\/\",\"name\":\"TEAMVIDIA\",\"description\":\"Experts Base de Donn\u00e9es\",\"potentialAction\":[{\"@type\":\"SearchAction\",\"target\":{\"@type\":\"EntryPoint\",\"urlTemplate\":\"https:\/\/www.teamvidia.com\/?s={search_term_string}\"},\"query-input\":{\"@type\":\"PropertyValueSpecification\",\"valueRequired\":true,\"valueName\":\"search_term_string\"}}],\"inLanguage\":\"fr-FR\"}]}<\/script>\r\n<!-- \/ Yoast SEO plugin. -->","yoast_head_json":{"title":"La soci\u00e9t\u00e9 - TEAMVIDIA","robots":{"index":"index","follow":"follow","max-snippet":"max-snippet:-1","max-image-preview":"max-image-preview:large","max-video-preview":"max-video-preview:-1"},"canonical":"https:\/\/www.teamvidia.com\/?page_id=1797","og_locale":"fr_FR","og_type":"article","og_title":"La soci\u00e9t\u00e9 - TEAMVIDIA","og_description":"Notre Histoire La soci\u00e9t\u00e9 Teamvidia a \u00e9t\u00e9 cr\u00e9\u00e9e en 2005 par deux ind\u00e9pendants. L\u2019un DBA SQL Server senior, l\u2019autre chef de projet production. Le r\u00e9seau commercial de Teamvidia a commenc\u00e9 sur un r\u00e9seau de connaissances qui connaissaient le travail des deux associ\u00e9s (Saint Gobain et RadioFrance). Partenaires Nous sommes partenaire Microsoft depuis la cr\u00e9ation de &hellip;","og_url":"https:\/\/www.teamvidia.com\/?page_id=1797","og_site_name":"TEAMVIDIA","article_modified_time":"2024-03-22T12:35:43+00:00","og_image":[{"url":"http:\/\/www.teamvidia.com\/wp-content\/uploads\/2011\/07\/image_1.jpg","type":"","width":"","height":""}],"twitter_misc":{"Dur\u00e9e de lecture estim\u00e9e":"2 minutes"},"schema":{"@context":"https:\/\/schema.org","@graph":[{"@type":"WebPage","@id":"https:\/\/www.teamvidia.com\/?page_id=1797","url":"https:\/\/www.teamvidia.com\/?page_id=1797","name":"La soci\u00e9t\u00e9 - TEAMVIDIA","isPartOf":{"@id":"https:\/\/www.teamvidia.com\/#website"},"primaryImageOfPage":{"@id":"https:\/\/www.teamvidia.com\/?page_id=1797#primaryimage"},"image":{"@id":"https:\/\/www.teamvidia.com\/?page_id=1797#primaryimage"},"thumbnailUrl":"http:\/\/www.teamvidia.com\/wp-content\/uploads\/2011\/07\/image_1.jpg","datePublished":"2011-07-14T18:45:29+00:00","dateModified":"2024-03-22T12:35:43+00:00","breadcrumb":{"@id":"https:\/\/www.teamvidia.com\/?page_id=1797#breadcrumb"},"inLanguage":"fr-FR","potentialAction":[{"@type":"ReadAction","target":["https:\/\/www.teamvidia.com\/?page_id=1797"]}]},{"@type":"ImageObject","inLanguage":"fr-FR","@id":"https:\/\/www.teamvidia.com\/?page_id=1797#primaryimage","url":"https:\/\/www.teamvidia.com\/wp-content\/uploads\/2011\/07\/image_1.jpg","contentUrl":"https:\/\/www.teamvidia.com\/wp-content\/uploads\/2011\/07\/image_1.jpg","width":258,"height":203},{"@type":"BreadcrumbList","@id":"https:\/\/www.teamvidia.com\/?page_id=1797#breadcrumb","itemListElement":[{"@type":"ListItem","position":1,"name":"Accueil","item":"https:\/\/www.teamvidia.com\/"},{"@type":"ListItem","position":2,"name":"La soci\u00e9t\u00e9"}]},{"@type":"WebSite","@id":"https:\/\/www.teamvidia.com\/#website","url":"https:\/\/www.teamvidia.com\/","name":"TEAMVIDIA","description":"Experts Base de Donn\u00e9es","potentialAction":[{"@type":"SearchAction","target":{"@type":"EntryPoint","urlTemplate":"https:\/\/www.teamvidia.com\/?s={search_term_string}"},"query-input":{"@type":"PropertyValueSpecification","valueRequired":true,"valueName":"search_term_string"}}],"inLanguage":"fr-FR"}]}},"_links":{"self":[{"href":"https:\/\/www.teamvidia.com\/index.php?rest_route=\/wp\/v2\/pages\/1797","targetHints":{"allow":["GET"]}}],"collection":[{"href":"https:\/\/www.teamvidia.com\/index.php?rest_route=\/wp\/v2\/pages"}],"about":[{"href":"https:\/\/www.teamvidia.com\/index.php?rest_route=\/wp\/v2\/types\/page"}],"author":[{"embeddable":true,"href":"https:\/\/www.teamvidia.com\/index.php?rest_route=\/wp\/v2\/users\/2"}],"replies":[{"embeddable":true,"href":"https:\/\/www.teamvidia.com\/index.php?rest_route=%2Fwp%2Fv2%2Fcomments&post=1797"}],"version-history":[{"count":35,"href":"https:\/\/www.teamvidia.com\/index.php?rest_route=\/wp\/v2\/pages\/1797\/revisions"}],"predecessor-version":[{"id":3301,"href":"https:\/\/www.teamvidia.com\/index.php?rest_route=\/wp\/v2\/pages\/1797\/revisions\/3301"}],"wp:attachment":[{"href":"https:\/\/www.teamvidia.com\/index.php?rest_route=%2Fwp%2Fv2%2Fmedia&parent=1797"}],"curies":[{"name":"wp","href":"https:\/\/api.w.org\/{rel}","templated":true}]}}